{"id":7,"date":"2019-06-12T15:41:25","date_gmt":"2019-06-12T15:41:25","guid":{"rendered":"https:\/\/latemarium.com\/?page_id=7"},"modified":"2021-05-31T12:33:49","modified_gmt":"2021-05-31T12:33:49","slug":"latemarium","status":"publish","type":"page","link":"https:\/\/latemarium.com\/it\/latemarium\/","title":{"rendered":"Latemarium"},"content":{"rendered":"<h2>ESCURSIONI SUL LATEMAR: BENVENUTI NEL LATEMARIUM!<\/h2>\n<p><strong>Un mondo di emozioni<br \/>\n<\/strong>Inaugurato nell\u2019estate del 2014, il Latemarium si rivolge a ogni tipologia di pubblico e permette di avvicinarsi alla natura in modo appassionato e emozionante, esplorando il particolare ambiente alpino che si sviluppa intorno alla catena montuosa del Latemar.<\/p>\n<p>Sotto l\u2019imponente parete rocciosa del Latemar, gioiello delle Dolomiti-Patrimonio Naturale, le terrazze panoramica latemar.360\u00b0 offrono una vista mozzafiato, mentre una fitta rete di sentieri tematici permette ai visitatori di ampliare le proprie conoscenze su fauna, flora, geologia e agricoltura di montagna.<br \/>\nPer immergersi in questo ambiente alpino basta percorrere il sentiero\u00a0latemar.panorama, che si snoda tortuoso ai piedi delle pareti rocciose e offre incantevoli isole di tranquillit\u00e0, che preparano gli escursionisti alla ben pi\u00f9 impegnativa ascesa al rifugio Latemarh\u00fctte\/Torre di Pisa, situato a 2.671 m sul livello del mare. Lungo il sentiero\u00a0latemar.art\u00a0a Pampeago gli appassionati d\u2019arte potranno ammirare opere di artisti famosi. Gli amanti del fitness potranno cimentarsi lungo i percorsi\u00a0latemar.bike\u00a0e\u00a0latemar.run\u00a0e approfittare di un breve pausa sul lago di Carezza.<br \/>\nIl percorso geologico Dos Cap\u00e8l, subito sopra Predazzo, accompagna i visitatori in un affascinante viaggio nel passato. Poco lontano dal percorso didattico si snoda il sentiero latemar.meteo, inaugurato di recente sul Monte Agnello e dedicato al tema della meteorologia e della geodinamica. Indipendentemente dal percorso scelto, per un comodo rientro a Oberreggen attraverso i prati si pu\u00f2 sceglie il sentiero tematico latemar.relax.<\/p>\n<p>La perla architettonica sul Latemar \u00e8 il rifugio Oberholz, situato a 2.096 metri sul livello del mare. La sua architettura contemporanea, caratterizzata da grandi vetrate, esalta la bellezza dello scenario montano offrendo nel contempo un confortevole riparo. Gli escursionisti pi\u00f9 ambiziosi e amanti dello sport troveranno un\u2019altra grande novit\u00e0. Il rifugio Latemarh\u00fctte \/ Torre di Pisa, a 2.671 metri sul livello del mare, \u00e8 stato completamente ristrutturato e ampliato. L\u2019ultima novit\u00e0 in Val d\u2019Ega \u00e8 invece il \u201ccinema di montagna\u201d, che si compone di sei meravigliosi punti panoramici situati tra Nova Ponente, Obereggen, Collepietra e Nova Levante-Carezza, allestiti con panchine e cornici in legno che ricordano una sala cinematografica e che offrono vedute panoramiche mozzafiato sulle Dolomiti-Patrimonio Mondiale. A Obereggen il nuovo \u201ccinema di montagna\u201d fa parte del sentiero tematico Latemar.Panorama. Una delle maggiori attrazioni del Latemarium \u00e8 l\u2019installazione \u201cEye to the Dolomites\u201d, dedicata al tema Dolomiti, che rappresenta un gigantesco bulbo oculare accessibile al pubblico. A questa attrazione si aggiunge la statua di un cavallo a grandezza naturale, realizzata in legno, situata sul sentiero Latemar.alp, omaggio alla tradizione della fienagione e della lavorazione del legno.<\/p>\n<p>Il \u201cLatemarium\u201d \u00e8 raggiungibile da Obereggen, Pampeago con le seggiovie e da Predazzo con la cabinovia. Gli impianti di risalita sono gratuiti per i bambini sotto gli otto anni.<\/p>\n<hr \/>\n<h2>INSTALLAZIONI LATEMARIUM<\/h2>\n<p>Curiosi di scoprire il Latemar? Se anche voi volete passare le vostre vacanze sulle Dolomiti ed approfittare dell\u2019offerta del Latemarium vi aspetteremo con grande piacere nel nostro impressionante parco naturale. Non vediamo l\u2019ora di darvi il nostro benvenuto.<\/p>\n","protected":false},"excerpt":{"rendered":"<p>ESCURSIONI SUL LATEMAR: BENVENUTI NEL LATEMARIUM! Un mondo di emozioni Inaugurato nell\u2019estate del 2014, il Latemarium si rivolge a ogni tipologia di pubblico e permette di avvicinarsi alla natura in modo appassionato e emozionante, esplorando il particolare ambiente alpino che si sviluppa intorno alla catena montuosa del Latemar. Sotto l\u2019imponente parete rocciosa del Latemar, gioiello [&hellip;]<\/p>\n","protected":false},"author":1,"featured_media":636,"parent":0,"menu_order":0,"comment_status":"closed","ping_status":"closed","template":"","meta":{"footnotes":""},"class_list":["post-7","page","type-page","status-publish","has-post-thumbnail","hentry"],"yoast_head":"<!-- This site is optimized with the Yoast SEO plugin v24.3 - https:\/\/yoast.com\/wordpress\/plugins\/seo\/ -->\n<title>Latemarium - Latemarium<\/title>\n<meta name=\"robots\" content=\"index, follow, max-snippet:-1, max-image-preview:large, max-video-preview:-1\" \/>\n<link rel=\"canonical\" href=\"https:\/\/latemarium.com\/it\/latemarium\/\" \/>\n<meta property=\"og:locale\" content=\"it_IT\" \/>\n<meta property=\"og:type\" content=\"article\" \/>\n<meta property=\"og:title\" content=\"Latemarium - Latemarium\" \/>\n<meta property=\"og:description\" content=\"ESCURSIONI SUL LATEMAR: BENVENUTI NEL LATEMARIUM! Un mondo di emozioni Inaugurato nell\u2019estate del 2014, il Latemarium si rivolge a ogni tipologia di pubblico e permette di avvicinarsi alla natura in modo appassionato e emozionante, esplorando il particolare ambiente alpino che si sviluppa intorno alla catena montuosa del Latemar. Sotto l\u2019imponente parete rocciosa del Latemar, gioiello [&hellip;]\" \/>\n<meta property=\"og:url\" content=\"https:\/\/latemarium.com\/it\/latemarium\/\" \/>\n<meta property=\"og:site_name\" content=\"Latemarium\" \/>\n<meta property=\"article:modified_time\" content=\"2021-05-31T12:33:49+00:00\" \/>\n<meta property=\"og:image\" content=\"https:\/\/latemarium.com\/wp-content\/uploads\/2019\/06\/19002_Obereggen_Ph.GPichler-1024x683.jpg\" \/>\n\t<meta property=\"og:image:width\" content=\"1024\" \/>\n\t<meta property=\"og:image:height\" content=\"683\" \/>\n\t<meta property=\"og:image:type\" content=\"image\/jpeg\" \/>\n<meta name=\"twitter:card\" content=\"summary_large_image\" \/>\n<meta name=\"twitter:label1\" content=\"Tempo di lettura stimato\" \/>\n\t<meta name=\"twitter:data1\" content=\"3 minuti\" \/>\n<script type=\"application\/ld+json\" class=\"yoast-schema-graph\">{\"@context\":\"https:\/\/schema.org\",\"@graph\":[{\"@type\":\"WebPage\",\"@id\":\"https:\/\/latemarium.com\/it\/latemarium\/\",\"url\":\"https:\/\/latemarium.com\/it\/latemarium\/\",\"name\":\"Latemarium - Latemarium\",\"isPartOf\":{\"@id\":\"https:\/\/latemarium.com\/it\/#website\"},\"primaryImageOfPage\":{\"@id\":\"https:\/\/latemarium.com\/it\/latemarium\/#primaryimage\"},\"image\":{\"@id\":\"https:\/\/latemarium.com\/it\/latemarium\/#primaryimage\"},\"thumbnailUrl\":\"https:\/\/latemarium.com\/wp-content\/uploads\/2019\/06\/19002_Obereggen_Ph.GPichler.jpg\",\"datePublished\":\"2019-06-12T15:41:25+00:00\",\"dateModified\":\"2021-05-31T12:33:49+00:00\",\"breadcrumb\":{\"@id\":\"https:\/\/latemarium.com\/it\/latemarium\/#breadcrumb\"},\"inLanguage\":\"it-IT\",\"potentialAction\":[{\"@type\":\"ReadAction\",\"target\":[\"https:\/\/latemarium.com\/it\/latemarium\/\"]}]},{\"@type\":\"ImageObject\",\"inLanguage\":\"it-IT\",\"@id\":\"https:\/\/latemarium.com\/it\/latemarium\/#primaryimage\",\"url\":\"https:\/\/latemarium.com\/wp-content\/uploads\/2019\/06\/19002_Obereggen_Ph.GPichler.jpg\",\"contentUrl\":\"https:\/\/latemarium.com\/wp-content\/uploads\/2019\/06\/19002_Obereggen_Ph.GPichler.jpg\",\"width\":6139,\"height\":4093,\"caption\":\"Evening Standard II (realtime)\"},{\"@type\":\"BreadcrumbList\",\"@id\":\"https:\/\/latemarium.com\/it\/latemarium\/#breadcrumb\",\"itemListElement\":[{\"@type\":\"ListItem\",\"position\":1,\"name\":\"Home\",\"item\":\"https:\/\/latemarium.com\/it\/\"},{\"@type\":\"ListItem\",\"position\":2,\"name\":\"Latemarium\"}]},{\"@type\":\"WebSite\",\"@id\":\"https:\/\/latemarium.com\/it\/#website\",\"url\":\"https:\/\/latemarium.com\/it\/\",\"name\":\"Latemarium\",\"description\":\"Un regno di emozioni\",\"potentialAction\":[{\"@type\":\"SearchAction\",\"target\":{\"@type\":\"EntryPoint\",\"urlTemplate\":\"https:\/\/latemarium.com\/it\/?s={search_term_string}\"},\"query-input\":{\"@type\":\"PropertyValueSpecification\",\"valueRequired\":true,\"valueName\":\"search_term_string\"}}],\"inLanguage\":\"it-IT\"}]}<\/script>\n<!-- \/ Yoast SEO plugin. -->","yoast_head_json":{"title":"Latemarium - Latemarium","robots":{"index":"index","follow":"follow","max-snippet":"max-snippet:-1","max-image-preview":"max-image-preview:large","max-video-preview":"max-video-preview:-1"},"canonical":"https:\/\/latemarium.com\/it\/latemarium\/","og_locale":"it_IT","og_type":"article","og_title":"Latemarium - Latemarium","og_description":"ESCURSIONI SUL LATEMAR: BENVENUTI NEL LATEMARIUM! Un mondo di emozioni Inaugurato nell\u2019estate del 2014, il Latemarium si rivolge a ogni tipologia di pubblico e permette di avvicinarsi alla natura in modo appassionato e emozionante, esplorando il particolare ambiente alpino che si sviluppa intorno alla catena montuosa del Latemar. Sotto l\u2019imponente parete rocciosa del Latemar, gioiello [&hellip;]","og_url":"https:\/\/latemarium.com\/it\/latemarium\/","og_site_name":"Latemarium","article_modified_time":"2021-05-31T12:33:49+00:00","og_image":[{"width":1024,"height":683,"url":"https:\/\/latemarium.com\/wp-content\/uploads\/2019\/06\/19002_Obereggen_Ph.GPichler-1024x683.jpg","type":"image\/jpeg"}],"twitter_card":"summary_large_image","twitter_misc":{"Tempo di lettura stimato":"3 minuti"},"schema":{"@context":"https:\/\/schema.org","@graph":[{"@type":"WebPage","@id":"https:\/\/latemarium.com\/it\/latemarium\/","url":"https:\/\/latemarium.com\/it\/latemarium\/","name":"Latemarium - Latemarium","isPartOf":{"@id":"https:\/\/latemarium.com\/it\/#website"},"primaryImageOfPage":{"@id":"https:\/\/latemarium.com\/it\/latemarium\/#primaryimage"},"image":{"@id":"https:\/\/latemarium.com\/it\/latemarium\/#primaryimage"},"thumbnailUrl":"https:\/\/latemarium.com\/wp-content\/uploads\/2019\/06\/19002_Obereggen_Ph.GPichler.jpg","datePublished":"2019-06-12T15:41:25+00:00","dateModified":"2021-05-31T12:33:49+00:00","breadcrumb":{"@id":"https:\/\/latemarium.com\/it\/latemarium\/#breadcrumb"},"inLanguage":"it-IT","potentialAction":[{"@type":"ReadAction","target":["https:\/\/latemarium.com\/it\/latemarium\/"]}]},{"@type":"ImageObject","inLanguage":"it-IT","@id":"https:\/\/latemarium.com\/it\/latemarium\/#primaryimage","url":"https:\/\/latemarium.com\/wp-content\/uploads\/2019\/06\/19002_Obereggen_Ph.GPichler.jpg","contentUrl":"https:\/\/latemarium.com\/wp-content\/uploads\/2019\/06\/19002_Obereggen_Ph.GPichler.jpg","width":6139,"height":4093,"caption":"Evening Standard II (realtime)"},{"@type":"BreadcrumbList","@id":"https:\/\/latemarium.com\/it\/latemarium\/#breadcrumb","itemListElement":[{"@type":"ListItem","position":1,"name":"Home","item":"https:\/\/latemarium.com\/it\/"},{"@type":"ListItem","position":2,"name":"Latemarium"}]},{"@type":"WebSite","@id":"https:\/\/latemarium.com\/it\/#website","url":"https:\/\/latemarium.com\/it\/","name":"Latemarium","description":"Un regno di emozioni","potentialAction":[{"@type":"SearchAction","target":{"@type":"EntryPoint","urlTemplate":"https:\/\/latemarium.com\/it\/?s={search_term_string}"},"query-input":{"@type":"PropertyValueSpecification","valueRequired":true,"valueName":"search_term_string"}}],"inLanguage":"it-IT"}]}},"_links":{"self":[{"href":"https:\/\/latemarium.com\/it\/wp-json\/wp\/v2\/pages\/7","targetHints":{"allow":["GET"]}}],"collection":[{"href":"https:\/\/latemarium.com\/it\/wp-json\/wp\/v2\/pages"}],"about":[{"href":"https:\/\/latemarium.com\/it\/wp-json\/wp\/v2\/types\/page"}],"author":[{"embeddable":true,"href":"https:\/\/latemarium.com\/it\/wp-json\/wp\/v2\/users\/1"}],"replies":[{"embeddable":true,"href":"https:\/\/latemarium.com\/it\/wp-json\/wp\/v2\/comments?post=7"}],"version-history":[{"count":7,"href":"https:\/\/latemarium.com\/it\/wp-json\/wp\/v2\/pages\/7\/revisions"}],"predecessor-version":[{"id":1636,"href":"https:\/\/latemarium.com\/it\/wp-json\/wp\/v2\/pages\/7\/revisions\/1636"}],"wp:featuredmedia":[{"embeddable":true,"href":"https:\/\/latemarium.com\/it\/wp-json\/wp\/v2\/media\/636"}],"wp:attachment":[{"href":"https:\/\/latemarium.com\/it\/wp-json\/wp\/v2\/media?parent=7"}],"curies":[{"name":"wp","href":"https:\/\/api.w.org\/{rel}","templated":true}]}}