{"id":1291,"date":"2020-01-21T16:55:44","date_gmt":"2020-01-21T16:55:44","guid":{"rendered":"https:\/\/latemarium.com\/?page_id=1291"},"modified":"2025-01-23T16:33:58","modified_gmt":"2025-01-23T16:33:58","slug":"privacy-policy","status":"publish","type":"page","link":"https:\/\/latemarium.com\/it\/privacy-policy\/","title":{"rendered":"Privacy policy"},"content":{"rendered":"<h2 class=\"p1\">PRIVACY POLICY DEL SITO WWW.LATEMARIUM.COM<\/h2>\n<p class=\"p2\">Obereggen Latemar SpA\/AG illustra, nella presente pagina, come tratta i dati degli utenti che visitano il suo sito e come agiscono i cookie che vengono installati dal sito stesso.<\/p>\n<p class=\"p2\">La presente Privacy Policy \u00e8 resa nel rispetto dell\u2019articolo 13 del GDPR 2016\/679 (General Data Protection Regulation, Regolamento europeo in materia di protezione dei dati personali), delle Linee guida del Garante Privacy del 26 novembre 2020,<span class=\"Apple-converted-space\">\u00a0 <\/span>delle Linee guida EDPB 5\/2020 riferite al consenso, della sentenza CGE 1\u00b0ottobre 2019 C-673\/17, del Provvedimento generale del Garante Privacy in materia di cookie dell\u20198 maggio 2014, n. 229, del \u201cWorking Document 02\/2013 providing guidance on obtaining consent for cookies\u201d, dell\u2019Opinion del WP 29 n. 4\/2012 On Cookie Consent Exemption, della Direttiva 2002\/58\/CE e della Raccomandazione n. 2\/2001 del Gruppo di lavoro ex art. 29.<span class=\"Apple-converted-space\">\u00a0<\/span><\/p>\n<p class=\"p2\">Quanto segue si applica unicamente al sito <a href=\"http:\/\/www.latemarium.com\"><span class=\"s1\">www.latemarium.com<\/span><\/a>; il Titolare del trattamento non \u00e8 responsabile dei dati inseriti e dei cookie installati da parte di altri siti eventualmente consultati tramite link.<\/p>\n<p class=\"p2\"><b>Informazioni sul Titolare del trattamento<\/b><span class=\"s2\"><b><span class=\"Apple-converted-space\">\u00a0<\/span><\/b><\/span><\/p>\n<p class=\"p2\">Il Titolare del Trattamento \u00e8 Obereggen Latemar SpA\/AG, con sede legale in Obereggen 16, 39050 Nova Ponente (BZ). Per esercitare i diritti previsti dalla normativa e meglio specificati sopra \u00e8 possibile contattare il Titolare presso la sua sede oppure telefonando al numero 0471 618 200 o scrivendo a <a href=\"mailto:obereggen@latemar.it\">obereggen@latemar.it<\/a>.<\/p>\n<p class=\"p2\"><b>Finalit\u00e0 e base giuridica del trattamento<span class=\"Apple-converted-space\">\u00a0<\/span><\/b><\/p>\n<p class=\"p2\">Obereggen Latemar SpA\/AG tratta i dati che l\u2019utente fornisce attraverso il sito per le seguenti finalit\u00e0:<\/p>\n<ol class=\"ol1\">\n<li class=\"li2\"><b>Adempimento di obblighi previsti dalla legge, da un regolamento o da una normativa comunitaria<\/b><\/li>\n<\/ol>\n<p class=\"p2\">Il conferimento dei dati per questa finalit\u00e0 \u00e8 obbligatorio e la base giuridica del trattamento \u00e8 l\u2019adempimento di un obbligo legale al quale \u00e8 soggetto il titolare del trattamento, come stabilito dall\u2019articolo 6 comma 1 lett. c) del GDPR. Per il trattamento di dati personali per tali finalit\u00e0 non \u00e8 necessario il consenso dell\u2019utente. I dati trattati verranno conservati per il tempo previsto dalla normativa di riferimento.<\/p>\n<ol class=\"ol1\">\n<li class=\"li2\"><b>Analisi statistiche su dati aggregati o anonimi<\/b><\/li>\n<\/ol>\n<p class=\"p2\">Tale trattamento non permette l\u2019identificazione dell\u2019utente, ma semplicemente vuole verificare l\u2019adeguatezza delle campagne di web marketing adottate e\/o il corretto funzionamento del sito, misurando il traffico di utenti che genera. Il trattamento di dati aggregati o anonimi, che non permettono l\u2019identificazione dell\u2019utente, non rientra nel campo di applicazione della normativa in materia di protezione dei dati personali e pertanto non \u00e8 richiesto alcun consenso per il loro trattamento.<\/p>\n<ol class=\"ol1\">\n<li class=\"li2\"><b>Richiesta di informazioni, contatto e supporto<\/b><\/li>\n<\/ol>\n<p class=\"p2\">Il conferimento dei dati richiesti \u00e8 necessario per fornire un riscontro alla Sua richiesta.<span class=\"Apple-converted-space\">\u00a0 <\/span>La base giuridica del trattamento \u00e8 indicata dall\u2019articolo 6 comma 1 lett. b) del GDPR, ed \u00e8 l\u2019esecuzione di un contratto di cui l\u2019interessato \u00e8 parte o l\u2019esecuzione di misure precontrattuali adottate su richiesta dello stesso, nonch\u00e9 dall\u2019articolo 6 comma 1 lett. f), ed \u00e8 il perseguimento del legittimo interesse del titolare del trattamento o di terzi. I dati trattati e relativi alla Sua richiesta verranno da noi conservati per un anno.<\/p>\n<ol class=\"ol1\">\n<li class=\"li2\"><b>Profilazione (creazione di profili basati sulle preferenze, abitudini e scelte di consumo dell\u2019utente)<\/b><\/li>\n<\/ol>\n<p class=\"p2\">L\u2019attivit\u00e0 in questione pu\u00f2 essere effettuata attraverso la compilazione di questionari dedicati oppure attraverso l\u2019utilizzo di tecnologie di profilazione online (trackers) o cookies. Il conferimento dei dati richiesti per le attivit\u00e0 di profilazione \u00e8 facoltativo e la base giuridica del trattamento \u00e8 il consenso espresso dall\u2019interessato al trattamento dei propri dati personali.<\/p>\n<p class=\"p2\">I dati trattati per le finalit\u00e0 di profilazione verranno trattati fino alla sua revoca ed al massimo per 6 mesi, salvo rinnovo del consenso al trattamento prestato.<\/p>\n<p class=\"p2\"><b>Modalit\u00e0 di trattamento, processi decisionali automatizzati e tempi di conservazione dei dati<\/b><\/p>\n<p class=\"p2\">Il trattamento dei Suoi dati si svolge in modalit\u00e0 informatiche, seppur non si escludono potenziali trattamenti in modalit\u00e0 cartacea. Non vengono utilizzati processi decisionali automatizzati per trattare i Suoi dati personali. I dati raccolti attraverso i cookie verranno conservati per il periodo di tempo stabilito dal singolo cookie. Inoltre, in caso di utilizzo di cookie di profilazione da parte del sito, la descrizione sul loro funzionamento viene demandata alla specifica sezione.<span class=\"Apple-converted-space\">\u00a0<\/span><\/p>\n<p class=\"p2\"><b>Comunicazione dei dati (Destinatari)<\/b><\/p>\n<p class=\"p2\">Per garantire il funzionamento del nostro sito web e la fruizione dei contenuti potremo avvalerci di fornitori terzi come fornitori di servizi informatici, societ\u00e0 di hosting, societ\u00e0 di comunicazione. Per garantirLe inoltre il servizio richiesto, ad esempio nel caso di acquisto di prodotti e similari, potremmo avvalerci anche di ulteriori fornitori terzi (corrieri postali etc.). La base giuridica della comunicazione \u00e8 l\u2019adempimento di obblighi contrattuali e normativi, nonch\u00e9 l\u2019esecuzione di misure precontrattuali adottate su Sua richiesta. Resta inteso che comunicheremo ai Destinatari unicamente i dati necessari per poter adempiere alla prestazione, preferendo ove possibile l\u2019anonimizzazione dei dati. I dati da Lei forniti non verranno diffusi senza il Suo specifico e preventivo consenso.<\/p>\n<p class=\"p2\">Per quanto riguarda l\u2019utilizzo di cookie terze parti si rimanda alla sezione specifica che si trova alla fine del presente documento.<\/p>\n<p class=\"p2\"><b>Trasferimento dei dati a Paesi terzi o organizzazioni internazionali<\/b><\/p>\n<p class=\"p2\">I dati da Lei comunicati non saranno da noi trasferiti verso Paesi terzi o organizzazioni internazionali extra UE.<span class=\"Apple-converted-space\">\u00a0<\/span><\/p>\n<p class=\"p2\">L\u2019hosting del sito \u00e8 in Unione Europea.<\/p>\n<p class=\"p2\"><b>Diritti dell\u2019interessato e reclamo al Garante Privacy<\/b><\/p>\n<p class=\"p2\">Lei ha diritto di richiederci in qualsiasi momento l\u2019accesso ai dati che La riguardano, la loro modifica, integrazione o cancellazione, la limitazione o l\u2019opposizione al loro trattamento, laddove vi siano motivi legittimi, nonch\u00e9 la portabilit\u00e0 dei suddetti dati presso un altro Titolare del trattamento. Le forniremo risposta in forma scritta entro 30 giorni. Potr\u00e0 revocare, in qualsiasi momento, i consensi prestati sul presente sito, contattando uno dei recapiti riportati all\u2019interno della presente Privacy Policy Le \u00e8 possibile inoltre proporre reclamo all\u2019Autorit\u00e0 di controllo nazionale, laddove reputi che i Suoi dati siano stati trattati illegittimamente.<span class=\"Apple-converted-space\">\u00a0<\/span><\/p>\n<h3 class=\"p1\">I COOKIE DEL NOSTRO SITO<\/h3>\n<p class=\"p2\"><b>Dati di navigazione<\/b><\/p>\n<p class=\"p2\">Questo sito web acquisisce in modo implicito, utilizzando i protocolli di comunicazione di internet, per e nel corso del suo normale funzionamento, alcuni dati personali degli utenti che accedono al sito stesso, come l\u2019indirizzo IP, i nomi di dominio dei computer da cui l\u2019utente accede, gli indirizzi MAC, assegnati dai produttori delle schede di rete, wireless etc.<\/p>\n<p class=\"p2\">Queste informazioni non vengono raccolte per identificare gli utenti, ma potrebbero esserlo attraverso associazioni ed elaborazioni anche incrociate con dati di terzi; da tali dati si ricavano informazioni statistiche sull\u2019utilizzo del sito e sul suo funzionamento e ulteriori informazioni in caso di accertamento di responsabilit\u00e0 relativamente a reati informatici.<\/p>\n<p class=\"p2\"><b>Cosa sono i cookie?<\/b><\/p>\n<p class=\"p2\">I cookie sono delle piccole stringhe di testo che i siti visitati dall\u2019utente installano sul suo terminale; tali stringhe vengono successivamente ritrasmesse al sito che le ha installate in caso di successiva visita da parte dell\u2019utente. Laddove l\u2019utente riceva, durante la navigazione sul sito, anche cookie inviati da siti o webserver diversi, si parla di cookie di terze parti.<\/p>\n<p class=\"p2\">I cookie vengono installati per diverse finalit\u00e0, tra cui possono rientrare la possibilit\u00e0 di effettuare le autenticazioni informatiche, il monitoraggio delle sessioni di navigazione, scegliere la lingua.<\/p>\n<p class=\"p2\"><b>Cookie prima parte e cookie di terze parti<\/b><\/p>\n<p class=\"p2\">I cookie che sono installati direttamente da Obereggen Latemar SpA\/AG sono detti \u201cCookie prima parte\u201d, mentre i cookie che sono installati e acquisiti da un sito diverso rispetto a quello su cui sta navigando l\u2019utente sono definiti \u201cCookie di terze parti\u201d.<\/p>\n<p class=\"p2\">Tra i cookie di terze parti rientrano i social buttons (o social plugin), che permettono al sito di interagire con i pi\u00f9 famosi social media, come Facebook, Instagram, LinkedIn, Twitter etc oppure i cookie di Google Analytics, quelli necessari per implementare gli iframe di Youtube etc. Per quanto concerne i cookie di terze parti, \u00e8 responsabilit\u00e0 delle terze parti cui il cookie fa capo fornire le informative e le informazioni circa la gestione dei dati raccolti.<\/p>\n<p class=\"p2\"><b>Tipologie di cookie<\/b><\/p>\n<p class=\"p2\"><span class=\"s3\"><i>Cookie tecnici<\/i><\/span><\/p>\n<p class=\"p2\">Sono normalmente installati direttamente dal gestore del sito e sono cookie che permettono la comunicazione tra sito ed utente. Possono essere chiamati anche \u201cdi navigazione\u201d o \u201cdi sessione\u201d, o ancora \u201ccookie essenziali\u201d o \u201ccookie necessari\u201d e sono atti a garantire la normale navigazione e fruizione del sito <span class=\"s4\">e <\/span>solitamente hanno durata pari a quella della navigazione sul sito.<\/p>\n<p class=\"p2\">Essendo tali cookie necessari per il funzionamento del sito non \u00e8 necessario, per la loro installazione sul terminale dell\u2019utente, il suo preventivo consenso.<\/p>\n<p class=\"p2\"><span class=\"s3\"><i>Cookie di funzionalit\u00e0<\/i><\/span><\/p>\n<p class=\"p2\">Sono cookie che permettono di fornire all\u2019utente delle funzionalit\u00e0 e personalizzazioni avanzate, nonch\u00e9 di ricordare le preferenze da lui indicate nel corso delle visite precedenti, oppure le modifiche che l\u2019utente ha fatto nelle visite precedenti per personalizzare il sito. Rientrano in questa categoria, ad esempio, i cookie che permettono all\u2019utente di scegliere la lingua o di salvare i prodotti scelti nel carrello.<\/p>\n<p class=\"p2\"><span class=\"s3\"><i>Cookie di performance<\/i><\/span><\/p>\n<p class=\"p2\">Questi cookie sono detti anche \u201ccookie di prestazione\u201d o \u201ccookie analitici\u201d e permettono di analizzare in che modo l\u2019utente utilizza il sito, al fine di migliorare l\u2019esperienza di navigazione e di risolvere problematiche relative alla navigazione. Questi cookie permettono ad esempio di contare le visite e le fonti di traffico, oppure di tracciare le pagine pi\u00f9 visualizzate.<span class=\"Apple-converted-space\">\u00a0<\/span><\/p>\n<p class=\"p2\">Non permettono solitamente di identificare il singolo utente, ma contengono dati aggregati e quindi anonimi. Uno degli strumenti pi\u00f9 famosi per ottenere tali report statistici \u00e8 Google Analytics, servizio fornito da Google Inc.<\/p>\n<p class=\"p2\"><span class=\"s3\"><i>Cookie di profilazione<\/i><\/span><\/p>\n<p class=\"p2\">Sono detti anche \u201ccookie pubblicitari\u201d e sono utilizzati per tracciare una preferenza dell\u2019utente e offrirgli dei messaggi pubblicitari sulla base delle preferenze ricavate.<span class=\"Apple-converted-space\">\u00a0<\/span><\/p>\n<p class=\"p2\"><b>Il banner al primo accesso<\/b><\/p>\n<p class=\"p2\">Il provvedimento del Garante dell\u20198 maggio 2014 e le stesse Linee guida sull\u2019utilizzo di cookie e di altri strumenti di tracciamento richiedono, in caso di utilizzo di cookie diversi dai cookie tecnici, la predisposizione di un banner al primo accesso dell\u2019utente sul sito (cd. informativa breve) che indichi in modo essenziale quali sono le modalit\u00e0 di gestione dei cookie da parte del sito, rimandi alla privacy policy estesa e preveda di esprimere il consenso all\u2019installazione dei cookie, anche mediante selezione granulare di essi.<\/p>\n<p class=\"p2\">Obereggen Latemar SpA\/AG ha predisposto il suddetto banner. \u00c8 inoltre stato previsto un cookie specifico che memorizza la scelta dell\u2019utente in materia d\u2019installazione dei cookie per 365 giorni; ci\u00f2 significa che l\u2019utente, una volta fornito il proprio consenso, visualizzer\u00e0 il banner una sola volta e se volesse successivamente modificare le scelte effettuate potr\u00e0 farlo dal link \u201cGestione dei miei cookies\u201d.<\/p>\n<p class=\"p2\"><b>Link alle privacy policy delle terze parti che installano cookie<\/b><\/p>\n<p class=\"p5\"><span class=\"s5\">Google, Youtube: <a href=\"https:\/\/www.google.com\/intl\/it_it\/policies\/technologies\/cookies\/\" target=\"_blank\" rel=\"noopener\"><span class=\"s1\">https:\/\/www.google.com\/intl\/it_it\/policies\/technologies\/cookies\/<\/span><\/a><\/span><\/p>\n<p class=\"p5\"><span class=\"s5\">Facebook: <a href=\"https:\/\/www.facebook.com\/policies\/cookies\/\" target=\"_blank\" rel=\"noopener\"><span class=\"s1\">https:\/\/www.facebook.com\/policies\/cookies\/<\/span><\/a><\/span><\/p>\n","protected":false},"excerpt":{"rendered":"<p>PRIVACY POLICY DEL SITO WWW.LATEMARIUM.COM Obereggen Latemar SpA\/AG illustra, nella presente pagina, come tratta i dati degli utenti che visitano il suo sito e come agiscono i cookie che vengono installati dal sito stesso. La presente Privacy Policy \u00e8 resa nel rispetto dell\u2019articolo 13 del GDPR 2016\/679 (General Data Protection Regulation, Regolamento europeo in materia [&hellip;]<\/p>\n","protected":false},"author":1,"featured_media":937,"parent":0,"menu_order":0,"comment_status":"closed","ping_status":"closed","template":"","meta":{"footnotes":""},"class_list":["post-1291","page","type-page","status-publish","has-post-thumbnail","hentry"],"yoast_head":"<!-- This site is optimized with the Yoast SEO plugin v24.3 - https:\/\/yoast.com\/wordpress\/plugins\/seo\/ -->\n<title>Privacy policy - Latemarium<\/title>\n<meta name=\"robots\" content=\"index, follow, max-snippet:-1, max-image-preview:large, max-video-preview:-1\" \/>\n<link rel=\"canonical\" href=\"https:\/\/latemarium.com\/it\/privacy-policy\/\" \/>\n<meta property=\"og:locale\" content=\"it_IT\" \/>\n<meta property=\"og:type\" content=\"article\" \/>\n<meta property=\"og:title\" content=\"Privacy policy - Latemarium\" \/>\n<meta property=\"og:description\" content=\"PRIVACY POLICY DEL SITO WWW.LATEMARIUM.COM Obereggen Latemar SpA\/AG illustra, nella presente pagina, come tratta i dati degli utenti che visitano il suo sito e come agiscono i cookie che vengono installati dal sito stesso. La presente Privacy Policy \u00e8 resa nel rispetto dell\u2019articolo 13 del GDPR 2016\/679 (General Data Protection Regulation, Regolamento europeo in materia [&hellip;]\" \/>\n<meta property=\"og:url\" content=\"https:\/\/latemarium.com\/it\/privacy-policy\/\" \/>\n<meta property=\"og:site_name\" content=\"Latemarium\" \/>\n<meta property=\"article:modified_time\" content=\"2025-01-23T16:33:58+00:00\" \/>\n<meta property=\"og:image\" content=\"https:\/\/latemarium.com\/wp-content\/uploads\/2019\/06\/IMG_1510-683x1024.jpg\" \/>\n\t<meta property=\"og:image:width\" content=\"683\" \/>\n\t<meta property=\"og:image:height\" content=\"1024\" \/>\n\t<meta property=\"og:image:type\" content=\"image\/jpeg\" \/>\n<meta name=\"twitter:card\" content=\"summary_large_image\" \/>\n<meta name=\"twitter:label1\" content=\"Tempo di lettura stimato\" \/>\n\t<meta name=\"twitter:data1\" content=\"10 minuti\" \/>\n<script type=\"application\/ld+json\" class=\"yoast-schema-graph\">{\"@context\":\"https:\/\/schema.org\",\"@graph\":[{\"@type\":\"WebPage\",\"@id\":\"https:\/\/latemarium.com\/it\/privacy-policy\/\",\"url\":\"https:\/\/latemarium.com\/it\/privacy-policy\/\",\"name\":\"Privacy policy - Latemarium\",\"isPartOf\":{\"@id\":\"https:\/\/latemarium.com\/it\/#website\"},\"primaryImageOfPage\":{\"@id\":\"https:\/\/latemarium.com\/it\/privacy-policy\/#primaryimage\"},\"image\":{\"@id\":\"https:\/\/latemarium.com\/it\/privacy-policy\/#primaryimage\"},\"thumbnailUrl\":\"https:\/\/latemarium.com\/wp-content\/uploads\/2019\/06\/IMG_1510.jpg\",\"datePublished\":\"2020-01-21T16:55:44+00:00\",\"dateModified\":\"2025-01-23T16:33:58+00:00\",\"breadcrumb\":{\"@id\":\"https:\/\/latemarium.com\/it\/privacy-policy\/#breadcrumb\"},\"inLanguage\":\"it-IT\",\"potentialAction\":[{\"@type\":\"ReadAction\",\"target\":[\"https:\/\/latemarium.com\/it\/privacy-policy\/\"]}]},{\"@type\":\"ImageObject\",\"inLanguage\":\"it-IT\",\"@id\":\"https:\/\/latemarium.com\/it\/privacy-policy\/#primaryimage\",\"url\":\"https:\/\/latemarium.com\/wp-content\/uploads\/2019\/06\/IMG_1510.jpg\",\"contentUrl\":\"https:\/\/latemarium.com\/wp-content\/uploads\/2019\/06\/IMG_1510.jpg\",\"width\":3840,\"height\":5760},{\"@type\":\"BreadcrumbList\",\"@id\":\"https:\/\/latemarium.com\/it\/privacy-policy\/#breadcrumb\",\"itemListElement\":[{\"@type\":\"ListItem\",\"position\":1,\"name\":\"Home\",\"item\":\"https:\/\/latemarium.com\/it\/\"},{\"@type\":\"ListItem\",\"position\":2,\"name\":\"Privacy policy\"}]},{\"@type\":\"WebSite\",\"@id\":\"https:\/\/latemarium.com\/it\/#website\",\"url\":\"https:\/\/latemarium.com\/it\/\",\"name\":\"Latemarium\",\"description\":\"Un regno di emozioni\",\"potentialAction\":[{\"@type\":\"SearchAction\",\"target\":{\"@type\":\"EntryPoint\",\"urlTemplate\":\"https:\/\/latemarium.com\/it\/?s={search_term_string}\"},\"query-input\":{\"@type\":\"PropertyValueSpecification\",\"valueRequired\":true,\"valueName\":\"search_term_string\"}}],\"inLanguage\":\"it-IT\"}]}<\/script>\n<!-- \/ Yoast SEO plugin. -->","yoast_head_json":{"title":"Privacy policy - Latemarium","robots":{"index":"index","follow":"follow","max-snippet":"max-snippet:-1","max-image-preview":"max-image-preview:large","max-video-preview":"max-video-preview:-1"},"canonical":"https:\/\/latemarium.com\/it\/privacy-policy\/","og_locale":"it_IT","og_type":"article","og_title":"Privacy policy - Latemarium","og_description":"PRIVACY POLICY DEL SITO WWW.LATEMARIUM.COM Obereggen Latemar SpA\/AG illustra, nella presente pagina, come tratta i dati degli utenti che visitano il suo sito e come agiscono i cookie che vengono installati dal sito stesso. La presente Privacy Policy \u00e8 resa nel rispetto dell\u2019articolo 13 del GDPR 2016\/679 (General Data Protection Regulation, Regolamento europeo in materia [&hellip;]","og_url":"https:\/\/latemarium.com\/it\/privacy-policy\/","og_site_name":"Latemarium","article_modified_time":"2025-01-23T16:33:58+00:00","og_image":[{"width":683,"height":1024,"url":"https:\/\/latemarium.com\/wp-content\/uploads\/2019\/06\/IMG_1510-683x1024.jpg","type":"image\/jpeg"}],"twitter_card":"summary_large_image","twitter_misc":{"Tempo di lettura stimato":"10 minuti"},"schema":{"@context":"https:\/\/schema.org","@graph":[{"@type":"WebPage","@id":"https:\/\/latemarium.com\/it\/privacy-policy\/","url":"https:\/\/latemarium.com\/it\/privacy-policy\/","name":"Privacy policy - Latemarium","isPartOf":{"@id":"https:\/\/latemarium.com\/it\/#website"},"primaryImageOfPage":{"@id":"https:\/\/latemarium.com\/it\/privacy-policy\/#primaryimage"},"image":{"@id":"https:\/\/latemarium.com\/it\/privacy-policy\/#primaryimage"},"thumbnailUrl":"https:\/\/latemarium.com\/wp-content\/uploads\/2019\/06\/IMG_1510.jpg","datePublished":"2020-01-21T16:55:44+00:00","dateModified":"2025-01-23T16:33:58+00:00","breadcrumb":{"@id":"https:\/\/latemarium.com\/it\/privacy-policy\/#breadcrumb"},"inLanguage":"it-IT","potentialAction":[{"@type":"ReadAction","target":["https:\/\/latemarium.com\/it\/privacy-policy\/"]}]},{"@type":"ImageObject","inLanguage":"it-IT","@id":"https:\/\/latemarium.com\/it\/privacy-policy\/#primaryimage","url":"https:\/\/latemarium.com\/wp-content\/uploads\/2019\/06\/IMG_1510.jpg","contentUrl":"https:\/\/latemarium.com\/wp-content\/uploads\/2019\/06\/IMG_1510.jpg","width":3840,"height":5760},{"@type":"BreadcrumbList","@id":"https:\/\/latemarium.com\/it\/privacy-policy\/#breadcrumb","itemListElement":[{"@type":"ListItem","position":1,"name":"Home","item":"https:\/\/latemarium.com\/it\/"},{"@type":"ListItem","position":2,"name":"Privacy policy"}]},{"@type":"WebSite","@id":"https:\/\/latemarium.com\/it\/#website","url":"https:\/\/latemarium.com\/it\/","name":"Latemarium","description":"Un regno di emozioni","potentialAction":[{"@type":"SearchAction","target":{"@type":"EntryPoint","urlTemplate":"https:\/\/latemarium.com\/it\/?s={search_term_string}"},"query-input":{"@type":"PropertyValueSpecification","valueRequired":true,"valueName":"search_term_string"}}],"inLanguage":"it-IT"}]}},"_links":{"self":[{"href":"https:\/\/latemarium.com\/it\/wp-json\/wp\/v2\/pages\/1291","targetHints":{"allow":["GET"]}}],"collection":[{"href":"https:\/\/latemarium.com\/it\/wp-json\/wp\/v2\/pages"}],"about":[{"href":"https:\/\/latemarium.com\/it\/wp-json\/wp\/v2\/types\/page"}],"author":[{"embeddable":true,"href":"https:\/\/latemarium.com\/it\/wp-json\/wp\/v2\/users\/1"}],"replies":[{"embeddable":true,"href":"https:\/\/latemarium.com\/it\/wp-json\/wp\/v2\/comments?post=1291"}],"version-history":[{"count":8,"href":"https:\/\/latemarium.com\/it\/wp-json\/wp\/v2\/pages\/1291\/revisions"}],"predecessor-version":[{"id":2722,"href":"https:\/\/latemarium.com\/it\/wp-json\/wp\/v2\/pages\/1291\/revisions\/2722"}],"wp:featuredmedia":[{"embeddable":true,"href":"https:\/\/latemarium.com\/it\/wp-json\/wp\/v2\/media\/937"}],"wp:attachment":[{"href":"https:\/\/latemarium.com\/it\/wp-json\/wp\/v2\/media?parent=1291"}],"curies":[{"name":"wp","href":"https:\/\/api.w.org\/{rel}","templated":true}]}}