{"id":256,"date":"2019-06-20T12:17:19","date_gmt":"2019-06-20T12:17:19","guid":{"rendered":"https:\/\/latemarium.com\/?page_id=256"},"modified":"2019-07-18T17:09:54","modified_gmt":"2019-07-18T17:09:54","slug":"gallery","status":"publish","type":"page","link":"https:\/\/latemarium.com\/en\/gallery\/","title":{"rendered":"Gallery"},"content":{"rendered":"<h2>Latemar und Wandern, das passt einfach zusammen.<\/h2>\n<p>Wenn auch Sie auf dem Latemar wandern und das Latemarium-Angebot nutzen wollen, so begr\u00fc\u00dfen wir Sie gerne in unserem eindrucksvollen Naturjuwel.<br \/>\nWir freuen uns von Ihnen zu h\u00f6ren.<\/p>\n<p>&nbsp;<\/p>\n","protected":false},"excerpt":{"rendered":"<p>Latemar und Wandern, das passt einfach zusammen. Wenn auch Sie auf dem Latemar wandern und das Latemarium-Angebot nutzen wollen, so begr\u00fc\u00dfen wir Sie gerne in unserem eindrucksvollen Naturjuwel. Wir freuen uns von Ihnen zu h\u00f6ren. &nbsp;<\/p>\n","protected":false},"author":1,"featured_media":621,"parent":0,"menu_order":0,"comment_status":"closed","ping_status":"closed","template":"page-templates\/galleries.php","meta":{"footnotes":""},"class_list":["post-256","page","type-page","status-publish","has-post-thumbnail","hentry"],"yoast_head":"<!-- This site is optimized with the Yoast SEO plugin v24.3 - https:\/\/yoast.com\/wordpress\/plugins\/seo\/ -->\n<title>Gallery - Latemarium<\/title>\n<meta name=\"robots\" content=\"index, follow, max-snippet:-1, max-image-preview:large, max-video-preview:-1\" \/>\n<link rel=\"canonical\" href=\"https:\/\/latemarium.com\/en\/gallery\/\" \/>\n<meta property=\"og:locale\" content=\"en_US\" \/>\n<meta property=\"og:type\" content=\"article\" \/>\n<meta property=\"og:title\" content=\"Gallery - Latemarium\" \/>\n<meta property=\"og:description\" content=\"Latemar und Wandern, das passt einfach zusammen. Wenn auch Sie auf dem Latemar wandern und das Latemarium-Angebot nutzen wollen, so begr\u00fc\u00dfen wir Sie gerne in unserem eindrucksvollen Naturjuwel. Wir freuen uns von Ihnen zu h\u00f6ren. &nbsp;\" \/>\n<meta property=\"og:url\" content=\"https:\/\/latemarium.com\/en\/gallery\/\" \/>\n<meta property=\"og:site_name\" content=\"Latemarium\" \/>\n<meta property=\"article:modified_time\" content=\"2019-07-18T17:09:54+00:00\" \/>\n<meta property=\"og:image\" content=\"https:\/\/latemarium.com\/wp-content\/uploads\/2019\/06\/1464_Obereggen_Latemar_Ph.Guenther.Pichler-1024x683.jpg\" \/>\n\t<meta property=\"og:image:width\" content=\"1024\" \/>\n\t<meta property=\"og:image:height\" content=\"683\" \/>\n\t<meta property=\"og:image:type\" content=\"image\/jpeg\" \/>\n<meta name=\"twitter:card\" content=\"summary_large_image\" \/>\n<script type=\"application\/ld+json\" class=\"yoast-schema-graph\">{\"@context\":\"https:\/\/schema.org\",\"@graph\":[{\"@type\":\"WebPage\",\"@id\":\"https:\/\/latemarium.com\/en\/gallery\/\",\"url\":\"https:\/\/latemarium.com\/en\/gallery\/\",\"name\":\"Gallery - Latemarium\",\"isPartOf\":{\"@id\":\"https:\/\/latemarium.com\/it\/#website\"},\"primaryImageOfPage\":{\"@id\":\"https:\/\/latemarium.com\/en\/gallery\/#primaryimage\"},\"image\":{\"@id\":\"https:\/\/latemarium.com\/en\/gallery\/#primaryimage\"},\"thumbnailUrl\":\"https:\/\/latemarium.com\/wp-content\/uploads\/2019\/06\/1464_Obereggen_Latemar_Ph.Guenther.Pichler.jpg\",\"datePublished\":\"2019-06-20T12:17:19+00:00\",\"dateModified\":\"2019-07-18T17:09:54+00:00\",\"breadcrumb\":{\"@id\":\"https:\/\/latemarium.com\/en\/gallery\/#breadcrumb\"},\"inLanguage\":\"en-US\",\"potentialAction\":[{\"@type\":\"ReadAction\",\"target\":[\"https:\/\/latemarium.com\/en\/gallery\/\"]}]},{\"@type\":\"ImageObject\",\"inLanguage\":\"en-US\",\"@id\":\"https:\/\/latemarium.com\/en\/gallery\/#primaryimage\",\"url\":\"https:\/\/latemarium.com\/wp-content\/uploads\/2019\/06\/1464_Obereggen_Latemar_Ph.Guenther.Pichler.jpg\",\"contentUrl\":\"https:\/\/latemarium.com\/wp-content\/uploads\/2019\/06\/1464_Obereggen_Latemar_Ph.Guenther.Pichler.jpg\",\"width\":2500,\"height\":1667},{\"@type\":\"BreadcrumbList\",\"@id\":\"https:\/\/latemarium.com\/en\/gallery\/#breadcrumb\",\"itemListElement\":[{\"@type\":\"ListItem\",\"position\":1,\"name\":\"Home\",\"item\":\"https:\/\/latemarium.com\/en\/\"},{\"@type\":\"ListItem\",\"position\":2,\"name\":\"Gallery\"}]},{\"@type\":\"WebSite\",\"@id\":\"https:\/\/latemarium.com\/it\/#website\",\"url\":\"https:\/\/latemarium.com\/it\/\",\"name\":\"Latemarium\",\"description\":\"Un regno di emozioni\",\"potentialAction\":[{\"@type\":\"SearchAction\",\"target\":{\"@type\":\"EntryPoint\",\"urlTemplate\":\"https:\/\/latemarium.com\/it\/?s={search_term_string}\"},\"query-input\":{\"@type\":\"PropertyValueSpecification\",\"valueRequired\":true,\"valueName\":\"search_term_string\"}}],\"inLanguage\":\"en-US\"}]}<\/script>\n<!-- \/ Yoast SEO plugin. -->","yoast_head_json":{"title":"Gallery - Latemarium","robots":{"index":"index","follow":"follow","max-snippet":"max-snippet:-1","max-image-preview":"max-image-preview:large","max-video-preview":"max-video-preview:-1"},"canonical":"https:\/\/latemarium.com\/en\/gallery\/","og_locale":"en_US","og_type":"article","og_title":"Gallery - Latemarium","og_description":"Latemar und Wandern, das passt einfach zusammen. Wenn auch Sie auf dem Latemar wandern und das Latemarium-Angebot nutzen wollen, so begr\u00fc\u00dfen wir Sie gerne in unserem eindrucksvollen Naturjuwel. Wir freuen uns von Ihnen zu h\u00f6ren. &nbsp;","og_url":"https:\/\/latemarium.com\/en\/gallery\/","og_site_name":"Latemarium","article_modified_time":"2019-07-18T17:09:54+00:00","og_image":[{"width":1024,"height":683,"url":"https:\/\/latemarium.com\/wp-content\/uploads\/2019\/06\/1464_Obereggen_Latemar_Ph.Guenther.Pichler-1024x683.jpg","type":"image\/jpeg"}],"twitter_card":"summary_large_image","schema":{"@context":"https:\/\/schema.org","@graph":[{"@type":"WebPage","@id":"https:\/\/latemarium.com\/en\/gallery\/","url":"https:\/\/latemarium.com\/en\/gallery\/","name":"Gallery - Latemarium","isPartOf":{"@id":"https:\/\/latemarium.com\/it\/#website"},"primaryImageOfPage":{"@id":"https:\/\/latemarium.com\/en\/gallery\/#primaryimage"},"image":{"@id":"https:\/\/latemarium.com\/en\/gallery\/#primaryimage"},"thumbnailUrl":"https:\/\/latemarium.com\/wp-content\/uploads\/2019\/06\/1464_Obereggen_Latemar_Ph.Guenther.Pichler.jpg","datePublished":"2019-06-20T12:17:19+00:00","dateModified":"2019-07-18T17:09:54+00:00","breadcrumb":{"@id":"https:\/\/latemarium.com\/en\/gallery\/#breadcrumb"},"inLanguage":"en-US","potentialAction":[{"@type":"ReadAction","target":["https:\/\/latemarium.com\/en\/gallery\/"]}]},{"@type":"ImageObject","inLanguage":"en-US","@id":"https:\/\/latemarium.com\/en\/gallery\/#primaryimage","url":"https:\/\/latemarium.com\/wp-content\/uploads\/2019\/06\/1464_Obereggen_Latemar_Ph.Guenther.Pichler.jpg","contentUrl":"https:\/\/latemarium.com\/wp-content\/uploads\/2019\/06\/1464_Obereggen_Latemar_Ph.Guenther.Pichler.jpg","width":2500,"height":1667},{"@type":"BreadcrumbList","@id":"https:\/\/latemarium.com\/en\/gallery\/#breadcrumb","itemListElement":[{"@type":"ListItem","position":1,"name":"Home","item":"https:\/\/latemarium.com\/en\/"},{"@type":"ListItem","position":2,"name":"Gallery"}]},{"@type":"WebSite","@id":"https:\/\/latemarium.com\/it\/#website","url":"https:\/\/latemarium.com\/it\/","name":"Latemarium","description":"Un regno di emozioni","potentialAction":[{"@type":"SearchAction","target":{"@type":"EntryPoint","urlTemplate":"https:\/\/latemarium.com\/it\/?s={search_term_string}"},"query-input":{"@type":"PropertyValueSpecification","valueRequired":true,"valueName":"search_term_string"}}],"inLanguage":"en-US"}]}},"_links":{"self":[{"href":"https:\/\/latemarium.com\/en\/wp-json\/wp\/v2\/pages\/256","targetHints":{"allow":["GET"]}}],"collection":[{"href":"https:\/\/latemarium.com\/en\/wp-json\/wp\/v2\/pages"}],"about":[{"href":"https:\/\/latemarium.com\/en\/wp-json\/wp\/v2\/types\/page"}],"author":[{"embeddable":true,"href":"https:\/\/latemarium.com\/en\/wp-json\/wp\/v2\/users\/1"}],"replies":[{"embeddable":true,"href":"https:\/\/latemarium.com\/en\/wp-json\/wp\/v2\/comments?post=256"}],"version-history":[{"count":3,"href":"https:\/\/latemarium.com\/en\/wp-json\/wp\/v2\/pages\/256\/revisions"}],"predecessor-version":[{"id":1268,"href":"https:\/\/latemarium.com\/en\/wp-json\/wp\/v2\/pages\/256\/revisions\/1268"}],"wp:featuredmedia":[{"embeddable":true,"href":"https:\/\/latemarium.com\/en\/wp-json\/wp\/v2\/media\/621"}],"wp:attachment":[{"href":"https:\/\/latemarium.com\/en\/wp-json\/wp\/v2\/media?parent=256"}],"curies":[{"name":"wp","href":"https:\/\/api.w.org\/{rel}","templated":true}]}}