{"id":67,"date":"2019-06-17T15:10:25","date_gmt":"2019-06-17T15:10:25","guid":{"rendered":"https:\/\/latemarium.com\/?page_id=67"},"modified":"2025-05-06T12:09:33","modified_gmt":"2025-05-06T12:09:33","slug":"oeffnungszeiten-und-preise","status":"publish","type":"page","link":"https:\/\/latemarium.com\/de\/oeffnungszeiten-und-preise\/","title":{"rendered":"\u00d6ffnungszeiten und Preise"},"content":{"rendered":"<h2>LIFTANLAGEN SOMMER 2025<\/h2>\n<p>&nbsp;<\/p>\n<h3>OBEREGGEN<\/h3>\n<p><strong>SESSELLIFT OBEREGGEN \u2013 OBERHOLZ<\/strong><br \/>\nGe\u00f6ffnet von 07.06. bis 05.10.25 von 08.30 bis 18.00 Uhr<\/p>\n<p><strong>KABINENBAHN OBEREGGEN \u2013 OCHSENWEIDE<br \/>\n<\/strong>Ge\u00f6ffnet von 14.06. bis 14.09.25 von 08.30 bis 18.00 Uhr<\/p>\n<p><strong>PREISE:<\/strong><\/p>\n<p>Erwachsene H\/R \u20ac 21,50<br \/>\nJunior H\/R \u20ac 17,50<\/p>\n<p>Erwachsene Hinfahrt \u20ac 16,00<br \/>\nJunior Hinfahrt \u20ac 13,50<\/p>\n<p><strong>BIKE (only Ochsenweide) <\/strong><br \/>\nRadtransport: \u20ac 6,00<br \/>\nBike-Day-Ticket: Erwachsen \u20ac 29,00 \/ Junior:\u00a0 \u20ac 20,00<\/p>\n<p>&nbsp;<\/p>\n<p><strong>FAMILY TICKET<\/strong><br \/>\nf\u00fcr 2 Erwachsene und max. 2 Jugendliche im Alter von 9 bis 18 Jahren, Kinder unter 8 fahren gratis = \u20ac 51,00<\/p>\n<p><strong>SONDERBEDINGUNGEN F\u00dcR GRUPPEN<\/strong><\/p>\n<p><strong>Kinder geboren nach dem 01.01.2017 gratis<\/strong><br \/>\n<strong>Junior geboren nach dem 01.01.2007<\/strong><\/p>\n<p><strong>INFO<\/strong><br \/>\nObereggen Latemar AG<br \/>\nTel +39 0471\/618 200<br \/>\ne-mail:\u00a0<a href=\"mailto:obereggen@latemar.it\">obereggen@latemar.it<\/a><\/p>\n<p>&nbsp;<\/p>\n<h3>PAMPEAGO<\/h3>\n<p><strong>SESSELLIFT PAMPEAGO \u2013 AGNELLO<\/strong><br \/>\nGe\u00f6ffnet von 14.06. bis 28.09.25 von 8.30 bis 13.00 und von 14.00 bis 17.30<\/p>\n<p><strong>SESSELLIFT PAMPEAGO \u2013 RESIDENZA<\/strong><br \/>\nGe\u00f6ffnet von 28.06. bis 21.09.24 von 8.30 bis 13.00 und von 14.00 bis 17.30<\/p>\n<p><strong>PREISE:<\/strong><\/p>\n<p>Ticket hin und zur\u00fcck g\u00fcltig bei jedem Anlage (=Sessellift Agnello oder Sessellift Latemar), die Anlage kann man frei w\u00e4hlen.<\/p>\n<p>Erwachsene H\/R \u20ac 16,50<br \/>\nJunior H\/R \u20ac 11,00<\/p>\n<p>Erwachsene Hinfahrt \u20ac 9,00<br \/>\nJunior Hinfahrt \u20ac 7,00<\/p>\n<p><strong>BIKE<\/strong><br \/>\nRadtransport: \u20ac 5,00<\/p>\n<p>&nbsp;<\/p>\n<p><strong>FAMILY TICKET<\/strong><br \/>\nf\u00fcr 2 Erwachsene und max. 2 Jugendliche im Alter von 9 bis 18 Jahren, Kinder unter 8 fahren gratis = \u20ac 46,00<\/p>\n<p><strong>SONDERBEDINGUNGEN F\u00dcR GRUPPEN<\/strong><\/p>\n<p><strong>Kinder geboren nach dem 01.01.2017 gratis<\/strong><br \/>\n<strong>Junior geboren nach dem 01.01.2007<\/strong><\/p>\n<p><strong>INFO<\/strong><br \/>\nITAP Pampeago AG<br \/>\nTel +39 0462\/813265<br \/>\ne-mail <a href=\"mailto:info@latemar.it\">info@latemar.it<\/a><\/p>\n<p>&nbsp;<\/p>\n<h3>PREDAZZO<\/h3>\n<p><strong>GONDELBAHN PREDAZZO \u2013 GARDON\u00c8<\/strong><br \/>\nGe\u00f6ffnet von 14.06. bis 14.09.25 von 8.30 bis 17.45 Uhr<\/p>\n<p><strong>PREISE:<\/strong><\/p>\n<p>Erwachsene H\/R \u20ac 19,00<br \/>\nJunior H\/R \u20ac 13,50<\/p>\n<p>Erwachsene Hinfahrt \u20ac 14,50<br \/>\nJunior Hinfahrt \u20ac 10,00<\/p>\n<p><strong>BIKE<\/strong><br \/>\nRadtransport: \u20ac 6,00<\/p>\n<p>&nbsp;<\/p>\n<p><strong>SESSELLIFT GARDON\u00c8 \u2013 PASSO FEUDO<\/strong><br \/>\nGe\u00f6ffnet von 14.06. bis 14.09.25 von 8.30 bis 17.30 Uhr<\/p>\n<p><strong>PREISE:<\/strong><\/p>\n<p>Erwachsene H\/R \u20ac 15,50<br \/>\nJunior H\/R \u20ac 11,00<\/p>\n<p>Erwachsene Hinfahrt \u20ac 11,00<br \/>\nJunior Hinfahrt \u20ac 8,00<\/p>\n<p><strong>BIKE<\/strong><br \/>\nRadtransport: \u20ac 6,00<\/p>\n<p>&nbsp;<\/p>\n<p><strong>GONDELBAHN + SESSELLIFT<\/strong><\/p>\n<p>Erwachsene H\/R \u20ac 26,00<br \/>\nJunior H\/R \u20ac 18,00<\/p>\n<p>Erwachsene Hinfahrt \u20ac 22,50<br \/>\nJunior Hinfahrt \u20ac 16,00<\/p>\n<p><strong>BIKE<\/strong><br \/>\nRadtransport: \u20ac 6,00<\/p>\n<p>&nbsp;<\/p>\n<p><strong>FAMILY TICKET<\/strong><br \/>\nf\u00fcr 2 Erwachsene und max. 2 Jugendliche im Alter von 9 bis 18 Jahren, Kinder unter 8 fahren gratis = ab \u20ac 69,00<\/p>\n<p><strong>SONDERBEDINGUNGEN F\u00dcR GRUPPEN<\/strong><\/p>\n<p><strong>Kinder geboren nach dem 01.01.2017 gratis<\/strong><br \/>\n<strong>Junior geboren nach dem 01.01.2007<\/strong><\/p>\n<p><strong>INFO<\/strong><br \/>\nObereggen Latemar AG<br \/>\nSede secondaria \u2013 Loc. Stalimen, 38037 \u2013 PREDAZZO<br \/>\nTel. +39 0462 884400<br \/>\ne-mail: <a href=\"mailto:predazzo@latemar.it\">predazzo@latemar.it<\/a><\/p>\n","protected":false},"excerpt":{"rendered":"<p>LIFTANLAGEN SOMMER 2025 &nbsp; OBEREGGEN SESSELLIFT OBEREGGEN \u2013 OBERHOLZ Ge\u00f6ffnet von 07.06. bis 05.10.25 von 08.30 bis 18.00 Uhr KABINENBAHN OBEREGGEN \u2013 OCHSENWEIDE Ge\u00f6ffnet von 14.06. bis 14.09.25 von 08.30 bis 18.00 Uhr PREISE: Erwachsene H\/R \u20ac 21,50 Junior H\/R \u20ac 17,50 Erwachsene Hinfahrt \u20ac 16,00 Junior Hinfahrt \u20ac 13,50 BIKE (only Ochsenweide) Radtransport: \u20ac [&hellip;]<\/p>\n","protected":false},"author":1,"featured_media":672,"parent":0,"menu_order":0,"comment_status":"closed","ping_status":"closed","template":"page-templates\/banner.php","meta":{"footnotes":""},"class_list":["post-67","page","type-page","status-publish","has-post-thumbnail","hentry"],"yoast_head":"<!-- This site is optimized with the Yoast SEO plugin v24.3 - https:\/\/yoast.com\/wordpress\/plugins\/seo\/ -->\n<title>\u00d6ffnungszeiten und Preise - Latemarium<\/title>\n<meta name=\"robots\" content=\"index, follow, max-snippet:-1, max-image-preview:large, max-video-preview:-1\" \/>\n<link rel=\"canonical\" href=\"https:\/\/latemarium.com\/de\/oeffnungszeiten-und-preise\/\" \/>\n<meta property=\"og:locale\" content=\"de_DE\" \/>\n<meta property=\"og:type\" content=\"article\" \/>\n<meta property=\"og:title\" content=\"\u00d6ffnungszeiten und Preise - Latemarium\" \/>\n<meta property=\"og:description\" content=\"LIFTANLAGEN SOMMER 2025 &nbsp; OBEREGGEN SESSELLIFT OBEREGGEN \u2013 OBERHOLZ Ge\u00f6ffnet von 07.06. bis 05.10.25 von 08.30 bis 18.00 Uhr KABINENBAHN OBEREGGEN \u2013 OCHSENWEIDE Ge\u00f6ffnet von 14.06. bis 14.09.25 von 08.30 bis 18.00 Uhr PREISE: Erwachsene H\/R \u20ac 21,50 Junior H\/R \u20ac 17,50 Erwachsene Hinfahrt \u20ac 16,00 Junior Hinfahrt \u20ac 13,50 BIKE (only Ochsenweide) Radtransport: \u20ac [&hellip;]\" \/>\n<meta property=\"og:url\" content=\"https:\/\/latemarium.com\/de\/oeffnungszeiten-und-preise\/\" \/>\n<meta property=\"og:site_name\" content=\"Latemarium\" \/>\n<meta property=\"article:modified_time\" content=\"2025-05-06T12:09:33+00:00\" \/>\n<meta property=\"og:image\" content=\"https:\/\/latemarium.com\/wp-content\/uploads\/2019\/06\/DJI_0099-1024x768.jpg\" \/>\n\t<meta property=\"og:image:width\" content=\"1024\" \/>\n\t<meta property=\"og:image:height\" content=\"768\" \/>\n\t<meta property=\"og:image:type\" content=\"image\/jpeg\" \/>\n<meta name=\"twitter:card\" content=\"summary_large_image\" \/>\n<meta name=\"twitter:label1\" content=\"Est. reading time\" \/>\n\t<meta name=\"twitter:data1\" content=\"3 minutes\" \/>\n<script type=\"application\/ld+json\" class=\"yoast-schema-graph\">{\"@context\":\"https:\/\/schema.org\",\"@graph\":[{\"@type\":\"WebPage\",\"@id\":\"https:\/\/latemarium.com\/de\/oeffnungszeiten-und-preise\/\",\"url\":\"https:\/\/latemarium.com\/de\/oeffnungszeiten-und-preise\/\",\"name\":\"\u00d6ffnungszeiten und Preise - Latemarium\",\"isPartOf\":{\"@id\":\"https:\/\/latemarium.com\/it\/#website\"},\"primaryImageOfPage\":{\"@id\":\"https:\/\/latemarium.com\/de\/oeffnungszeiten-und-preise\/#primaryimage\"},\"image\":{\"@id\":\"https:\/\/latemarium.com\/de\/oeffnungszeiten-und-preise\/#primaryimage\"},\"thumbnailUrl\":\"https:\/\/latemarium.com\/wp-content\/uploads\/2019\/06\/DJI_0099.jpg\",\"datePublished\":\"2019-06-17T15:10:25+00:00\",\"dateModified\":\"2025-05-06T12:09:33+00:00\",\"breadcrumb\":{\"@id\":\"https:\/\/latemarium.com\/de\/oeffnungszeiten-und-preise\/#breadcrumb\"},\"inLanguage\":\"de-DE\",\"potentialAction\":[{\"@type\":\"ReadAction\",\"target\":[\"https:\/\/latemarium.com\/de\/oeffnungszeiten-und-preise\/\"]}]},{\"@type\":\"ImageObject\",\"inLanguage\":\"de-DE\",\"@id\":\"https:\/\/latemarium.com\/de\/oeffnungszeiten-und-preise\/#primaryimage\",\"url\":\"https:\/\/latemarium.com\/wp-content\/uploads\/2019\/06\/DJI_0099.jpg\",\"contentUrl\":\"https:\/\/latemarium.com\/wp-content\/uploads\/2019\/06\/DJI_0099.jpg\",\"width\":3968,\"height\":2976,\"caption\":\"DCIM\/100MEDIA\/DJI_0099.JPG\"},{\"@type\":\"BreadcrumbList\",\"@id\":\"https:\/\/latemarium.com\/de\/oeffnungszeiten-und-preise\/#breadcrumb\",\"itemListElement\":[{\"@type\":\"ListItem\",\"position\":1,\"name\":\"Home\",\"item\":\"https:\/\/latemarium.com\/de\/\"},{\"@type\":\"ListItem\",\"position\":2,\"name\":\"\u00d6ffnungszeiten und Preise\"}]},{\"@type\":\"WebSite\",\"@id\":\"https:\/\/latemarium.com\/it\/#website\",\"url\":\"https:\/\/latemarium.com\/it\/\",\"name\":\"Latemarium\",\"description\":\"Un regno di emozioni\",\"potentialAction\":[{\"@type\":\"SearchAction\",\"target\":{\"@type\":\"EntryPoint\",\"urlTemplate\":\"https:\/\/latemarium.com\/it\/?s={search_term_string}\"},\"query-input\":{\"@type\":\"PropertyValueSpecification\",\"valueRequired\":true,\"valueName\":\"search_term_string\"}}],\"inLanguage\":\"de-DE\"}]}<\/script>\n<!-- \/ Yoast SEO plugin. -->","yoast_head_json":{"title":"\u00d6ffnungszeiten und Preise - Latemarium","robots":{"index":"index","follow":"follow","max-snippet":"max-snippet:-1","max-image-preview":"max-image-preview:large","max-video-preview":"max-video-preview:-1"},"canonical":"https:\/\/latemarium.com\/de\/oeffnungszeiten-und-preise\/","og_locale":"de_DE","og_type":"article","og_title":"\u00d6ffnungszeiten und Preise - Latemarium","og_description":"LIFTANLAGEN SOMMER 2025 &nbsp; OBEREGGEN SESSELLIFT OBEREGGEN \u2013 OBERHOLZ Ge\u00f6ffnet von 07.06. bis 05.10.25 von 08.30 bis 18.00 Uhr KABINENBAHN OBEREGGEN \u2013 OCHSENWEIDE Ge\u00f6ffnet von 14.06. bis 14.09.25 von 08.30 bis 18.00 Uhr PREISE: Erwachsene H\/R \u20ac 21,50 Junior H\/R \u20ac 17,50 Erwachsene Hinfahrt \u20ac 16,00 Junior Hinfahrt \u20ac 13,50 BIKE (only Ochsenweide) Radtransport: \u20ac [&hellip;]","og_url":"https:\/\/latemarium.com\/de\/oeffnungszeiten-und-preise\/","og_site_name":"Latemarium","article_modified_time":"2025-05-06T12:09:33+00:00","og_image":[{"width":1024,"height":768,"url":"https:\/\/latemarium.com\/wp-content\/uploads\/2019\/06\/DJI_0099-1024x768.jpg","type":"image\/jpeg"}],"twitter_card":"summary_large_image","twitter_misc":{"Est. reading time":"3 minutes"},"schema":{"@context":"https:\/\/schema.org","@graph":[{"@type":"WebPage","@id":"https:\/\/latemarium.com\/de\/oeffnungszeiten-und-preise\/","url":"https:\/\/latemarium.com\/de\/oeffnungszeiten-und-preise\/","name":"\u00d6ffnungszeiten und Preise - Latemarium","isPartOf":{"@id":"https:\/\/latemarium.com\/it\/#website"},"primaryImageOfPage":{"@id":"https:\/\/latemarium.com\/de\/oeffnungszeiten-und-preise\/#primaryimage"},"image":{"@id":"https:\/\/latemarium.com\/de\/oeffnungszeiten-und-preise\/#primaryimage"},"thumbnailUrl":"https:\/\/latemarium.com\/wp-content\/uploads\/2019\/06\/DJI_0099.jpg","datePublished":"2019-06-17T15:10:25+00:00","dateModified":"2025-05-06T12:09:33+00:00","breadcrumb":{"@id":"https:\/\/latemarium.com\/de\/oeffnungszeiten-und-preise\/#breadcrumb"},"inLanguage":"de-DE","potentialAction":[{"@type":"ReadAction","target":["https:\/\/latemarium.com\/de\/oeffnungszeiten-und-preise\/"]}]},{"@type":"ImageObject","inLanguage":"de-DE","@id":"https:\/\/latemarium.com\/de\/oeffnungszeiten-und-preise\/#primaryimage","url":"https:\/\/latemarium.com\/wp-content\/uploads\/2019\/06\/DJI_0099.jpg","contentUrl":"https:\/\/latemarium.com\/wp-content\/uploads\/2019\/06\/DJI_0099.jpg","width":3968,"height":2976,"caption":"DCIM\/100MEDIA\/DJI_0099.JPG"},{"@type":"BreadcrumbList","@id":"https:\/\/latemarium.com\/de\/oeffnungszeiten-und-preise\/#breadcrumb","itemListElement":[{"@type":"ListItem","position":1,"name":"Home","item":"https:\/\/latemarium.com\/de\/"},{"@type":"ListItem","position":2,"name":"\u00d6ffnungszeiten und Preise"}]},{"@type":"WebSite","@id":"https:\/\/latemarium.com\/it\/#website","url":"https:\/\/latemarium.com\/it\/","name":"Latemarium","description":"Un regno di emozioni","potentialAction":[{"@type":"SearchAction","target":{"@type":"EntryPoint","urlTemplate":"https:\/\/latemarium.com\/it\/?s={search_term_string}"},"query-input":{"@type":"PropertyValueSpecification","valueRequired":true,"valueName":"search_term_string"}}],"inLanguage":"de-DE"}]}},"_links":{"self":[{"href":"https:\/\/latemarium.com\/de\/wp-json\/wp\/v2\/pages\/67","targetHints":{"allow":["GET"]}}],"collection":[{"href":"https:\/\/latemarium.com\/de\/wp-json\/wp\/v2\/pages"}],"about":[{"href":"https:\/\/latemarium.com\/de\/wp-json\/wp\/v2\/types\/page"}],"author":[{"embeddable":true,"href":"https:\/\/latemarium.com\/de\/wp-json\/wp\/v2\/users\/1"}],"replies":[{"embeddable":true,"href":"https:\/\/latemarium.com\/de\/wp-json\/wp\/v2\/comments?post=67"}],"version-history":[{"count":41,"href":"https:\/\/latemarium.com\/de\/wp-json\/wp\/v2\/pages\/67\/revisions"}],"predecessor-version":[{"id":2772,"href":"https:\/\/latemarium.com\/de\/wp-json\/wp\/v2\/pages\/67\/revisions\/2772"}],"wp:featuredmedia":[{"embeddable":true,"href":"https:\/\/latemarium.com\/de\/wp-json\/wp\/v2\/media\/672"}],"wp:attachment":[{"href":"https:\/\/latemarium.com\/de\/wp-json\/wp\/v2\/media?parent=67"}],"curies":[{"name":"wp","href":"https:\/\/api.w.org\/{rel}","templated":true}]}}