{"id":65,"date":"2019-06-17T15:09:36","date_gmt":"2019-06-17T15:09:36","guid":{"rendered":"https:\/\/latemarium.com\/?page_id=65"},"modified":"2025-05-28T16:31:53","modified_gmt":"2025-05-28T16:31:53","slug":"erlebniswege","status":"publish","type":"page","link":"https:\/\/latemarium.com\/de\/erlebniswege\/","title":{"rendered":"Erlebniswege"},"content":{"rendered":"<h2>ERLEBNISWEGE UND THEMENWEGE IM LATEMARIUM<\/h2>\n<h3>Die besten Wanderwege in den Dolomiten erkunden<\/h3>\n<p>Das Sommerangebot wird um eine Facette reicher: Das Naturjuwel des Latemar-Gebirgsstocks bildet den atemberaubenden Rahmen f\u00fcr das Latemarium \u2013 ein Reich voller Erlebnisse und Erfahrungen in <a href=\"https:\/\/latemarium.com\/de\/anreise\/\">Obereggen, Pampeago und Predazzo<\/a>.<br \/>\nDas pr\u00e4chtige und von einzigartigen Wanderwegen umgebene Bergmassiv wurde aus geologischer, botanischer und landschaftlicher Sicht zu den sch\u00f6nsten und wertvollsten Landschaften der Welt gek\u00fcrt. Die neuen Themenwege in S\u00fcdtirol und Trentino f\u00fchren \u00fcber uralte Bergw\u00e4lder und saftig gr\u00fcne Wiesen zu bewirtschafteten <a href=\"https:\/\/latemarium.com\/de\/huetten\/\">Almh\u00fctten<\/a>. Und nicht zuletzt macht die einfache Erreichbarkeit den Aufenthalt in Obereggen, Pampeago oder Predazzo zum Bergerlebnis f\u00fcr die ganze Familie.<\/p>\n<p><strong>Latemarium: die sch\u00f6nsten Themenwege in S\u00fcdtirol und Trentino<\/strong><\/p>\n<p>Wandern mit der Familie wird im Welterbe Dolomiten zum Vergn\u00fcgen. Die facettenreichen Themenwege in S\u00fcdtirol-Trentnio begeistern Besucher des Latemarium.<\/p>\n","protected":false},"excerpt":{"rendered":"<p>ERLEBNISWEGE UND THEMENWEGE IM LATEMARIUM Die besten Wanderwege in den Dolomiten erkunden Das Sommerangebot wird um eine Facette reicher: Das Naturjuwel des Latemar-Gebirgsstocks bildet den atemberaubenden Rahmen f\u00fcr das Latemarium \u2013 ein Reich voller Erlebnisse und Erfahrungen in Obereggen, Pampeago und Predazzo. Das pr\u00e4chtige und von einzigartigen Wanderwegen umgebene Bergmassiv wurde aus geologischer, botanischer und [&hellip;]<\/p>\n","protected":false},"author":1,"featured_media":630,"parent":0,"menu_order":0,"comment_status":"closed","ping_status":"closed","template":"page-templates\/routes.php","meta":{"footnotes":""},"class_list":["post-65","page","type-page","status-publish","has-post-thumbnail","hentry"],"yoast_head":"<!-- This site is optimized with the Yoast SEO plugin v24.3 - https:\/\/yoast.com\/wordpress\/plugins\/seo\/ -->\n<title>Erlebniswege - Latemarium<\/title>\n<meta name=\"robots\" content=\"index, follow, max-snippet:-1, max-image-preview:large, max-video-preview:-1\" \/>\n<link rel=\"canonical\" href=\"https:\/\/latemarium.com\/de\/erlebniswege\/\" \/>\n<meta property=\"og:locale\" content=\"de_DE\" \/>\n<meta property=\"og:type\" content=\"article\" \/>\n<meta property=\"og:title\" content=\"Erlebniswege - Latemarium\" \/>\n<meta property=\"og:description\" content=\"ERLEBNISWEGE UND THEMENWEGE IM LATEMARIUM Die besten Wanderwege in den Dolomiten erkunden Das Sommerangebot wird um eine Facette reicher: Das Naturjuwel des Latemar-Gebirgsstocks bildet den atemberaubenden Rahmen f\u00fcr das Latemarium \u2013 ein Reich voller Erlebnisse und Erfahrungen in Obereggen, Pampeago und Predazzo. Das pr\u00e4chtige und von einzigartigen Wanderwegen umgebene Bergmassiv wurde aus geologischer, botanischer und [&hellip;]\" \/>\n<meta property=\"og:url\" content=\"https:\/\/latemarium.com\/de\/erlebniswege\/\" \/>\n<meta property=\"og:site_name\" content=\"Latemarium\" \/>\n<meta property=\"article:modified_time\" content=\"2025-05-28T16:31:53+00:00\" \/>\n<meta property=\"og:image\" content=\"https:\/\/latemarium.com\/wp-content\/uploads\/2019\/06\/17014_Obereggen_Latemar.ium_Ph.Guenther.Pichler.jpg\" \/>\n\t<meta property=\"og:image:width\" content=\"1000\" \/>\n\t<meta property=\"og:image:height\" content=\"667\" \/>\n\t<meta property=\"og:image:type\" content=\"image\/jpeg\" \/>\n<meta name=\"twitter:card\" content=\"summary_large_image\" \/>\n<meta name=\"twitter:label1\" content=\"Est. reading time\" \/>\n\t<meta name=\"twitter:data1\" content=\"1 minute\" \/>\n<script type=\"application\/ld+json\" class=\"yoast-schema-graph\">{\"@context\":\"https:\/\/schema.org\",\"@graph\":[{\"@type\":\"WebPage\",\"@id\":\"https:\/\/latemarium.com\/de\/erlebniswege\/\",\"url\":\"https:\/\/latemarium.com\/de\/erlebniswege\/\",\"name\":\"Erlebniswege - Latemarium\",\"isPartOf\":{\"@id\":\"https:\/\/latemarium.com\/it\/#website\"},\"primaryImageOfPage\":{\"@id\":\"https:\/\/latemarium.com\/de\/erlebniswege\/#primaryimage\"},\"image\":{\"@id\":\"https:\/\/latemarium.com\/de\/erlebniswege\/#primaryimage\"},\"thumbnailUrl\":\"https:\/\/latemarium.com\/wp-content\/uploads\/2019\/06\/17014_Obereggen_Latemar.ium_Ph.Guenther.Pichler.jpg\",\"datePublished\":\"2019-06-17T15:09:36+00:00\",\"dateModified\":\"2025-05-28T16:31:53+00:00\",\"breadcrumb\":{\"@id\":\"https:\/\/latemarium.com\/de\/erlebniswege\/#breadcrumb\"},\"inLanguage\":\"de-DE\",\"potentialAction\":[{\"@type\":\"ReadAction\",\"target\":[\"https:\/\/latemarium.com\/de\/erlebniswege\/\"]}]},{\"@type\":\"ImageObject\",\"inLanguage\":\"de-DE\",\"@id\":\"https:\/\/latemarium.com\/de\/erlebniswege\/#primaryimage\",\"url\":\"https:\/\/latemarium.com\/wp-content\/uploads\/2019\/06\/17014_Obereggen_Latemar.ium_Ph.Guenther.Pichler.jpg\",\"contentUrl\":\"https:\/\/latemarium.com\/wp-content\/uploads\/2019\/06\/17014_Obereggen_Latemar.ium_Ph.Guenther.Pichler.jpg\",\"width\":1000,\"height\":667},{\"@type\":\"BreadcrumbList\",\"@id\":\"https:\/\/latemarium.com\/de\/erlebniswege\/#breadcrumb\",\"itemListElement\":[{\"@type\":\"ListItem\",\"position\":1,\"name\":\"Home\",\"item\":\"https:\/\/latemarium.com\/de\/\"},{\"@type\":\"ListItem\",\"position\":2,\"name\":\"Erlebniswege\"}]},{\"@type\":\"WebSite\",\"@id\":\"https:\/\/latemarium.com\/it\/#website\",\"url\":\"https:\/\/latemarium.com\/it\/\",\"name\":\"Latemarium\",\"description\":\"Un regno di emozioni\",\"potentialAction\":[{\"@type\":\"SearchAction\",\"target\":{\"@type\":\"EntryPoint\",\"urlTemplate\":\"https:\/\/latemarium.com\/it\/?s={search_term_string}\"},\"query-input\":{\"@type\":\"PropertyValueSpecification\",\"valueRequired\":true,\"valueName\":\"search_term_string\"}}],\"inLanguage\":\"de-DE\"}]}<\/script>\n<!-- \/ Yoast SEO plugin. -->","yoast_head_json":{"title":"Erlebniswege - Latemarium","robots":{"index":"index","follow":"follow","max-snippet":"max-snippet:-1","max-image-preview":"max-image-preview:large","max-video-preview":"max-video-preview:-1"},"canonical":"https:\/\/latemarium.com\/de\/erlebniswege\/","og_locale":"de_DE","og_type":"article","og_title":"Erlebniswege - Latemarium","og_description":"ERLEBNISWEGE UND THEMENWEGE IM LATEMARIUM Die besten Wanderwege in den Dolomiten erkunden Das Sommerangebot wird um eine Facette reicher: Das Naturjuwel des Latemar-Gebirgsstocks bildet den atemberaubenden Rahmen f\u00fcr das Latemarium \u2013 ein Reich voller Erlebnisse und Erfahrungen in Obereggen, Pampeago und Predazzo. Das pr\u00e4chtige und von einzigartigen Wanderwegen umgebene Bergmassiv wurde aus geologischer, botanischer und [&hellip;]","og_url":"https:\/\/latemarium.com\/de\/erlebniswege\/","og_site_name":"Latemarium","article_modified_time":"2025-05-28T16:31:53+00:00","og_image":[{"width":1000,"height":667,"url":"https:\/\/latemarium.com\/wp-content\/uploads\/2019\/06\/17014_Obereggen_Latemar.ium_Ph.Guenther.Pichler.jpg","type":"image\/jpeg"}],"twitter_card":"summary_large_image","twitter_misc":{"Est. reading time":"1 minute"},"schema":{"@context":"https:\/\/schema.org","@graph":[{"@type":"WebPage","@id":"https:\/\/latemarium.com\/de\/erlebniswege\/","url":"https:\/\/latemarium.com\/de\/erlebniswege\/","name":"Erlebniswege - Latemarium","isPartOf":{"@id":"https:\/\/latemarium.com\/it\/#website"},"primaryImageOfPage":{"@id":"https:\/\/latemarium.com\/de\/erlebniswege\/#primaryimage"},"image":{"@id":"https:\/\/latemarium.com\/de\/erlebniswege\/#primaryimage"},"thumbnailUrl":"https:\/\/latemarium.com\/wp-content\/uploads\/2019\/06\/17014_Obereggen_Latemar.ium_Ph.Guenther.Pichler.jpg","datePublished":"2019-06-17T15:09:36+00:00","dateModified":"2025-05-28T16:31:53+00:00","breadcrumb":{"@id":"https:\/\/latemarium.com\/de\/erlebniswege\/#breadcrumb"},"inLanguage":"de-DE","potentialAction":[{"@type":"ReadAction","target":["https:\/\/latemarium.com\/de\/erlebniswege\/"]}]},{"@type":"ImageObject","inLanguage":"de-DE","@id":"https:\/\/latemarium.com\/de\/erlebniswege\/#primaryimage","url":"https:\/\/latemarium.com\/wp-content\/uploads\/2019\/06\/17014_Obereggen_Latemar.ium_Ph.Guenther.Pichler.jpg","contentUrl":"https:\/\/latemarium.com\/wp-content\/uploads\/2019\/06\/17014_Obereggen_Latemar.ium_Ph.Guenther.Pichler.jpg","width":1000,"height":667},{"@type":"BreadcrumbList","@id":"https:\/\/latemarium.com\/de\/erlebniswege\/#breadcrumb","itemListElement":[{"@type":"ListItem","position":1,"name":"Home","item":"https:\/\/latemarium.com\/de\/"},{"@type":"ListItem","position":2,"name":"Erlebniswege"}]},{"@type":"WebSite","@id":"https:\/\/latemarium.com\/it\/#website","url":"https:\/\/latemarium.com\/it\/","name":"Latemarium","description":"Un regno di emozioni","potentialAction":[{"@type":"SearchAction","target":{"@type":"EntryPoint","urlTemplate":"https:\/\/latemarium.com\/it\/?s={search_term_string}"},"query-input":{"@type":"PropertyValueSpecification","valueRequired":true,"valueName":"search_term_string"}}],"inLanguage":"de-DE"}]}},"_links":{"self":[{"href":"https:\/\/latemarium.com\/de\/wp-json\/wp\/v2\/pages\/65","targetHints":{"allow":["GET"]}}],"collection":[{"href":"https:\/\/latemarium.com\/de\/wp-json\/wp\/v2\/pages"}],"about":[{"href":"https:\/\/latemarium.com\/de\/wp-json\/wp\/v2\/types\/page"}],"author":[{"embeddable":true,"href":"https:\/\/latemarium.com\/de\/wp-json\/wp\/v2\/users\/1"}],"replies":[{"embeddable":true,"href":"https:\/\/latemarium.com\/de\/wp-json\/wp\/v2\/comments?post=65"}],"version-history":[{"count":7,"href":"https:\/\/latemarium.com\/de\/wp-json\/wp\/v2\/pages\/65\/revisions"}],"predecessor-version":[{"id":2910,"href":"https:\/\/latemarium.com\/de\/wp-json\/wp\/v2\/pages\/65\/revisions\/2910"}],"wp:featuredmedia":[{"embeddable":true,"href":"https:\/\/latemarium.com\/de\/wp-json\/wp\/v2\/media\/630"}],"wp:attachment":[{"href":"https:\/\/latemarium.com\/de\/wp-json\/wp\/v2\/media?parent=65"}],"curies":[{"name":"wp","href":"https:\/\/api.w.org\/{rel}","templated":true}]}}