{"id":279,"date":"2019-06-20T12:17:49","date_gmt":"2019-06-20T12:17:49","guid":{"rendered":"https:\/\/latemarium.com\/?page_id=279"},"modified":"2021-05-31T12:34:14","modified_gmt":"2021-05-31T12:34:14","slug":"latemarium","status":"publish","type":"page","link":"https:\/\/latemarium.com\/de\/latemarium\/","title":{"rendered":"Latemarium"},"content":{"rendered":"<h2>AUF DEM LATEMAR WANDERN: WILLKOMMEN IM LATEMARIUM!<\/h2>\n<p><strong>Das Erlebnisreich in Obereggen, Pampeago und Predazzo<\/strong><br \/>\nMit dem Erlebnisreich Latemarium wird dieser besondere alpine Lebensraum rund um das Latemar-Bergmassiv seit dem Sommer 2014 f\u00fcr unterschiedliche Zielgruppen naturnah und mit viel Leidenschaft erschlossen.<\/p>\n<p>Unterhalb der aufragenden Felswand des Latemar, der zum Welterbe der Dolomiten geh\u00f6rt, \u00f6ffnen die Aussichtsterrassen latemar.360\u00b0 einen sensationellen Rundumblick, w\u00e4hrend ein dichtes Netz an Themenwegen das eigene Wissen zu Fauna, Flora, Geologie und Almwirtschaft erweitert.<br \/>\nWer den Berg hautnah erleben m\u00f6chte, der schl\u00e4ngelt sich direkt unterhalb der Felsen auf dem Weg latemar.panorama entlang und entspannt auf seinen Ruheinseln, bevor er die anspruchsvolle Bergwanderung zur Latemarh\u00fctte auf 2.671 Meter \u00fcber dem Meeresspiegel antritt. Kunstliebhaber finden auf dem Weg latemar.art in Pampeago Werke ber\u00fchmter K\u00fcnstler. Zur alpinen Fitness gelangt man auf den Parcours latemar.bike und latemar.run mit einer kurzen Auszeit am Karersee.<br \/>\nDer geologiosche Lehrpfad \u201eDos Cap\u00e8l\u201c oberhalb von Predazzo f\u00fchrt auf eine Zeitreise durch die Vergangenheit. Unweit des geologischen Lehrpfades gibt es den neu er\u00f6ffneten Themenweg latemar.meteo am Monte Agnello. Dieser ist den Themen Meteorologie und Geodynamik gewidmet. Egal f\u00fcr welchen Themenweg Sie sich entscheiden, f\u00fcr den sanften R\u00fcckweg nach Obereggen \u00fcber saftige Wiesen bietet sich der Themenweg latemar.relax an.<\/p>\n<h3>Latemarium<\/h3>\n<p>Ein Highlight auch im Sommer, ist die Bergh\u00fctte Oberholz auf 2.096 Meter Meeresh\u00f6he. Die zeitgen\u00f6ssische Architektur stellt durch die gro\u00dfen Panoramafenster die Bergwelt in den Mittelpunkt und bietet einen gem\u00fctlichen R\u00fcckzugsort. F\u00fcr die sportlich ambitionierten und fortgeschrittenen Wanderer gibt es eine weitere gro\u00dfe Neuheit. Die Latemarh\u00fctte\/Rif. Torre di Pisa, auf 2.671 Metern Meeresh\u00f6he, wurde komplett saniert und neu ausgebaut. Neu im Eggental ist das Eggentaler Bergkino, das aus sechs panoramareichen Aussichtspunkten auf das Welterbe Dolomiten besteht, mit B\u00e4nken und Rahmen, die an einen Kinosaal erinnern. In Obereggen befindet sich das neue Bergkino auf einem Teilst\u00fcck des Themenwegs latemar.panorama. Zu den wichtigsten Highlights im Latemarium z\u00e4hlen weiterhin die Erlebnisstation Eye to the Dolomites, ein \u00fcberdimensionaler, begehbarer Augapfel zum Thema Welterbe Dolomiten, und ein lebensgro\u00dfes Holzpferd auf dem latemar.alp-Weg, zur Geschichte der Heuernte und der Holzwirtschaft.<\/p>\n<p>Das Latemarium ist von Obereggen und Pampeago aus mit den Sesselliften erreichbar und von Predazzo mit der Kabinenbahn. Kinder unter acht Jahren fahren kostenlos mit allen Liftanlagen.<\/p>\n<hr \/>\n<h2>INSTALLATIONEN<\/h2>\n<p>Latemar und Wandern, das passt einfach zusammen. Wenn auch Sie auf dem Latemar wandern und das Latemarium-Angebot nutzen wollen, so begr\u00fc\u00dfen wir Sie gerne in unserem eindrucksvollen Naturjuwel.<br \/>\nWir freuen uns von Ihnen zu h\u00f6ren.<\/p>\n","protected":false},"excerpt":{"rendered":"<p>AUF DEM LATEMAR WANDERN: WILLKOMMEN IM LATEMARIUM! Das Erlebnisreich in Obereggen, Pampeago und Predazzo Mit dem Erlebnisreich Latemarium wird dieser besondere alpine Lebensraum rund um das Latemar-Bergmassiv seit dem Sommer 2014 f\u00fcr unterschiedliche Zielgruppen naturnah und mit viel Leidenschaft erschlossen. Unterhalb der aufragenden Felswand des Latemar, der zum Welterbe der Dolomiten geh\u00f6rt, \u00f6ffnen die Aussichtsterrassen [&hellip;]<\/p>\n","protected":false},"author":1,"featured_media":636,"parent":0,"menu_order":0,"comment_status":"closed","ping_status":"closed","template":"","meta":{"footnotes":""},"class_list":["post-279","page","type-page","status-publish","has-post-thumbnail","hentry"],"yoast_head":"<!-- This site is optimized with the Yoast SEO plugin v24.3 - https:\/\/yoast.com\/wordpress\/plugins\/seo\/ -->\n<title>Latemarium - Latemarium<\/title>\n<meta name=\"robots\" content=\"index, follow, max-snippet:-1, max-image-preview:large, max-video-preview:-1\" \/>\n<link rel=\"canonical\" href=\"https:\/\/latemarium.com\/de\/latemarium\/\" \/>\n<meta property=\"og:locale\" content=\"de_DE\" \/>\n<meta property=\"og:type\" content=\"article\" \/>\n<meta property=\"og:title\" content=\"Latemarium - Latemarium\" \/>\n<meta property=\"og:description\" content=\"AUF DEM LATEMAR WANDERN: WILLKOMMEN IM LATEMARIUM! Das Erlebnisreich in Obereggen, Pampeago und Predazzo Mit dem Erlebnisreich Latemarium wird dieser besondere alpine Lebensraum rund um das Latemar-Bergmassiv seit dem Sommer 2014 f\u00fcr unterschiedliche Zielgruppen naturnah und mit viel Leidenschaft erschlossen. Unterhalb der aufragenden Felswand des Latemar, der zum Welterbe der Dolomiten geh\u00f6rt, \u00f6ffnen die Aussichtsterrassen [&hellip;]\" \/>\n<meta property=\"og:url\" content=\"https:\/\/latemarium.com\/de\/latemarium\/\" \/>\n<meta property=\"og:site_name\" content=\"Latemarium\" \/>\n<meta property=\"article:modified_time\" content=\"2021-05-31T12:34:14+00:00\" \/>\n<meta property=\"og:image\" content=\"https:\/\/latemarium.com\/wp-content\/uploads\/2019\/06\/19002_Obereggen_Ph.GPichler-1024x683.jpg\" \/>\n\t<meta property=\"og:image:width\" content=\"1024\" \/>\n\t<meta property=\"og:image:height\" content=\"683\" \/>\n\t<meta property=\"og:image:type\" content=\"image\/jpeg\" \/>\n<meta name=\"twitter:card\" content=\"summary_large_image\" \/>\n<meta name=\"twitter:label1\" content=\"Est. reading time\" \/>\n\t<meta name=\"twitter:data1\" content=\"2 minutes\" \/>\n<script type=\"application\/ld+json\" class=\"yoast-schema-graph\">{\"@context\":\"https:\/\/schema.org\",\"@graph\":[{\"@type\":\"WebPage\",\"@id\":\"https:\/\/latemarium.com\/de\/latemarium\/\",\"url\":\"https:\/\/latemarium.com\/de\/latemarium\/\",\"name\":\"Latemarium - Latemarium\",\"isPartOf\":{\"@id\":\"https:\/\/latemarium.com\/it\/#website\"},\"primaryImageOfPage\":{\"@id\":\"https:\/\/latemarium.com\/de\/latemarium\/#primaryimage\"},\"image\":{\"@id\":\"https:\/\/latemarium.com\/de\/latemarium\/#primaryimage\"},\"thumbnailUrl\":\"https:\/\/latemarium.com\/wp-content\/uploads\/2019\/06\/19002_Obereggen_Ph.GPichler.jpg\",\"datePublished\":\"2019-06-20T12:17:49+00:00\",\"dateModified\":\"2021-05-31T12:34:14+00:00\",\"breadcrumb\":{\"@id\":\"https:\/\/latemarium.com\/de\/latemarium\/#breadcrumb\"},\"inLanguage\":\"de-DE\",\"potentialAction\":[{\"@type\":\"ReadAction\",\"target\":[\"https:\/\/latemarium.com\/de\/latemarium\/\"]}]},{\"@type\":\"ImageObject\",\"inLanguage\":\"de-DE\",\"@id\":\"https:\/\/latemarium.com\/de\/latemarium\/#primaryimage\",\"url\":\"https:\/\/latemarium.com\/wp-content\/uploads\/2019\/06\/19002_Obereggen_Ph.GPichler.jpg\",\"contentUrl\":\"https:\/\/latemarium.com\/wp-content\/uploads\/2019\/06\/19002_Obereggen_Ph.GPichler.jpg\",\"width\":6139,\"height\":4093,\"caption\":\"Evening Standard II (realtime)\"},{\"@type\":\"BreadcrumbList\",\"@id\":\"https:\/\/latemarium.com\/de\/latemarium\/#breadcrumb\",\"itemListElement\":[{\"@type\":\"ListItem\",\"position\":1,\"name\":\"Home\",\"item\":\"https:\/\/latemarium.com\/de\/\"},{\"@type\":\"ListItem\",\"position\":2,\"name\":\"Latemarium\"}]},{\"@type\":\"WebSite\",\"@id\":\"https:\/\/latemarium.com\/it\/#website\",\"url\":\"https:\/\/latemarium.com\/it\/\",\"name\":\"Latemarium\",\"description\":\"Un regno di emozioni\",\"potentialAction\":[{\"@type\":\"SearchAction\",\"target\":{\"@type\":\"EntryPoint\",\"urlTemplate\":\"https:\/\/latemarium.com\/it\/?s={search_term_string}\"},\"query-input\":{\"@type\":\"PropertyValueSpecification\",\"valueRequired\":true,\"valueName\":\"search_term_string\"}}],\"inLanguage\":\"de-DE\"}]}<\/script>\n<!-- \/ Yoast SEO plugin. -->","yoast_head_json":{"title":"Latemarium - Latemarium","robots":{"index":"index","follow":"follow","max-snippet":"max-snippet:-1","max-image-preview":"max-image-preview:large","max-video-preview":"max-video-preview:-1"},"canonical":"https:\/\/latemarium.com\/de\/latemarium\/","og_locale":"de_DE","og_type":"article","og_title":"Latemarium - Latemarium","og_description":"AUF DEM LATEMAR WANDERN: WILLKOMMEN IM LATEMARIUM! Das Erlebnisreich in Obereggen, Pampeago und Predazzo Mit dem Erlebnisreich Latemarium wird dieser besondere alpine Lebensraum rund um das Latemar-Bergmassiv seit dem Sommer 2014 f\u00fcr unterschiedliche Zielgruppen naturnah und mit viel Leidenschaft erschlossen. Unterhalb der aufragenden Felswand des Latemar, der zum Welterbe der Dolomiten geh\u00f6rt, \u00f6ffnen die Aussichtsterrassen [&hellip;]","og_url":"https:\/\/latemarium.com\/de\/latemarium\/","og_site_name":"Latemarium","article_modified_time":"2021-05-31T12:34:14+00:00","og_image":[{"width":1024,"height":683,"url":"https:\/\/latemarium.com\/wp-content\/uploads\/2019\/06\/19002_Obereggen_Ph.GPichler-1024x683.jpg","type":"image\/jpeg"}],"twitter_card":"summary_large_image","twitter_misc":{"Est. reading time":"2 minutes"},"schema":{"@context":"https:\/\/schema.org","@graph":[{"@type":"WebPage","@id":"https:\/\/latemarium.com\/de\/latemarium\/","url":"https:\/\/latemarium.com\/de\/latemarium\/","name":"Latemarium - Latemarium","isPartOf":{"@id":"https:\/\/latemarium.com\/it\/#website"},"primaryImageOfPage":{"@id":"https:\/\/latemarium.com\/de\/latemarium\/#primaryimage"},"image":{"@id":"https:\/\/latemarium.com\/de\/latemarium\/#primaryimage"},"thumbnailUrl":"https:\/\/latemarium.com\/wp-content\/uploads\/2019\/06\/19002_Obereggen_Ph.GPichler.jpg","datePublished":"2019-06-20T12:17:49+00:00","dateModified":"2021-05-31T12:34:14+00:00","breadcrumb":{"@id":"https:\/\/latemarium.com\/de\/latemarium\/#breadcrumb"},"inLanguage":"de-DE","potentialAction":[{"@type":"ReadAction","target":["https:\/\/latemarium.com\/de\/latemarium\/"]}]},{"@type":"ImageObject","inLanguage":"de-DE","@id":"https:\/\/latemarium.com\/de\/latemarium\/#primaryimage","url":"https:\/\/latemarium.com\/wp-content\/uploads\/2019\/06\/19002_Obereggen_Ph.GPichler.jpg","contentUrl":"https:\/\/latemarium.com\/wp-content\/uploads\/2019\/06\/19002_Obereggen_Ph.GPichler.jpg","width":6139,"height":4093,"caption":"Evening Standard II (realtime)"},{"@type":"BreadcrumbList","@id":"https:\/\/latemarium.com\/de\/latemarium\/#breadcrumb","itemListElement":[{"@type":"ListItem","position":1,"name":"Home","item":"https:\/\/latemarium.com\/de\/"},{"@type":"ListItem","position":2,"name":"Latemarium"}]},{"@type":"WebSite","@id":"https:\/\/latemarium.com\/it\/#website","url":"https:\/\/latemarium.com\/it\/","name":"Latemarium","description":"Un regno di emozioni","potentialAction":[{"@type":"SearchAction","target":{"@type":"EntryPoint","urlTemplate":"https:\/\/latemarium.com\/it\/?s={search_term_string}"},"query-input":{"@type":"PropertyValueSpecification","valueRequired":true,"valueName":"search_term_string"}}],"inLanguage":"de-DE"}]}},"_links":{"self":[{"href":"https:\/\/latemarium.com\/de\/wp-json\/wp\/v2\/pages\/279","targetHints":{"allow":["GET"]}}],"collection":[{"href":"https:\/\/latemarium.com\/de\/wp-json\/wp\/v2\/pages"}],"about":[{"href":"https:\/\/latemarium.com\/de\/wp-json\/wp\/v2\/types\/page"}],"author":[{"embeddable":true,"href":"https:\/\/latemarium.com\/de\/wp-json\/wp\/v2\/users\/1"}],"replies":[{"embeddable":true,"href":"https:\/\/latemarium.com\/de\/wp-json\/wp\/v2\/comments?post=279"}],"version-history":[{"count":8,"href":"https:\/\/latemarium.com\/de\/wp-json\/wp\/v2\/pages\/279\/revisions"}],"predecessor-version":[{"id":1637,"href":"https:\/\/latemarium.com\/de\/wp-json\/wp\/v2\/pages\/279\/revisions\/1637"}],"wp:featuredmedia":[{"embeddable":true,"href":"https:\/\/latemarium.com\/de\/wp-json\/wp\/v2\/media\/636"}],"wp:attachment":[{"href":"https:\/\/latemarium.com\/de\/wp-json\/wp\/v2\/media?parent=279"}],"curies":[{"name":"wp","href":"https:\/\/api.w.org\/{rel}","templated":true}]}}