{"id":191,"date":"2019-06-20T12:15:56","date_gmt":"2019-06-20T12:15:56","guid":{"rendered":"https:\/\/latemarium.com\/?page_id=191"},"modified":"2021-05-31T13:20:36","modified_gmt":"2021-05-31T13:20:36","slug":"anreise","status":"publish","type":"page","link":"https:\/\/latemarium.com\/de\/anreise\/","title":{"rendered":"Anreise"},"content":{"rendered":"<h2>IN DEN DOLOMITEN WANDERN: ANREISE INS LATEMARIUM<\/h2>\n<h3>Auf dem schnellsten Weg nach Obereggen, Pampeago oder Predazzo zum Dolomiten Wandern<\/h3>\n<p>Ein <a href=\"https:\/\/latemarium.com\/de\/erlebniswege\/\">Wanderurlaub<\/a> im herzen der Dolomiten begeistert Gro\u00df und Klein. Wie Sie am schnellsten das <a href=\"https:\/\/latemarium.com\/de\/latemarium\/\">Latemarium<\/a> erreichen, um genussvoll in den Dolomiten wandern zu k\u00f6nnen, haben wir f\u00fcr Sie zusammengefasst.<\/p>\n<p>Bei Fragen zur Anreise k\u00f6nnen Sie uns jederzeit <a href=\"https:\/\/latemarium.com\/de\/kontakte\/\">kontaktieren<\/a>.<\/p>\n<p><img loading=\"lazy\" decoding=\"async\" class=\"responsive alignnone wp-image-1653 size-full\" src=\"https:\/\/latemarium.com\/wp-content\/uploads\/2021\/05\/Latemarium_Logo_Verkehrsspinne_2021.png\" alt=\"\" width=\"857\" height=\"767\" srcset=\"https:\/\/latemarium.com\/wp-content\/uploads\/2021\/05\/Latemarium_Logo_Verkehrsspinne_2021.png 857w, https:\/\/latemarium.com\/wp-content\/uploads\/2021\/05\/Latemarium_Logo_Verkehrsspinne_2021-300x268.png 300w, https:\/\/latemarium.com\/wp-content\/uploads\/2021\/05\/Latemarium_Logo_Verkehrsspinne_2021-768x687.png 768w\" sizes=\"auto, (max-width: 857px) 100vw, 857px\" \/><\/p>\n","protected":false},"excerpt":{"rendered":"<p>IN DEN DOLOMITEN WANDERN: ANREISE INS LATEMARIUM Auf dem schnellsten Weg nach Obereggen, Pampeago oder Predazzo zum Dolomiten Wandern Ein Wanderurlaub im herzen der Dolomiten begeistert Gro\u00df und Klein. Wie Sie am schnellsten das Latemarium erreichen, um genussvoll in den Dolomiten wandern zu k\u00f6nnen, haben wir f\u00fcr Sie zusammengefasst. Bei Fragen zur Anreise k\u00f6nnen Sie [&hellip;]<\/p>\n","protected":false},"author":1,"featured_media":594,"parent":0,"menu_order":0,"comment_status":"closed","ping_status":"closed","template":"","meta":{"footnotes":""},"class_list":["post-191","page","type-page","status-publish","has-post-thumbnail","hentry"],"yoast_head":"<!-- This site is optimized with the Yoast SEO plugin v24.3 - https:\/\/yoast.com\/wordpress\/plugins\/seo\/ -->\n<title>Anreise - Latemarium<\/title>\n<meta name=\"robots\" content=\"index, follow, max-snippet:-1, max-image-preview:large, max-video-preview:-1\" \/>\n<link rel=\"canonical\" href=\"https:\/\/latemarium.com\/de\/anreise\/\" \/>\n<meta property=\"og:locale\" content=\"de_DE\" \/>\n<meta property=\"og:type\" content=\"article\" \/>\n<meta property=\"og:title\" content=\"Anreise - Latemarium\" \/>\n<meta property=\"og:description\" content=\"IN DEN DOLOMITEN WANDERN: ANREISE INS LATEMARIUM Auf dem schnellsten Weg nach Obereggen, Pampeago oder Predazzo zum Dolomiten Wandern Ein Wanderurlaub im herzen der Dolomiten begeistert Gro\u00df und Klein. Wie Sie am schnellsten das Latemarium erreichen, um genussvoll in den Dolomiten wandern zu k\u00f6nnen, haben wir f\u00fcr Sie zusammengefasst. Bei Fragen zur Anreise k\u00f6nnen Sie [&hellip;]\" \/>\n<meta property=\"og:url\" content=\"https:\/\/latemarium.com\/de\/anreise\/\" \/>\n<meta property=\"og:site_name\" content=\"Latemarium\" \/>\n<meta property=\"article:modified_time\" content=\"2021-05-31T13:20:36+00:00\" \/>\n<meta property=\"og:image\" content=\"https:\/\/latemarium.com\/wp-content\/uploads\/2019\/06\/1405_Obereggen_Latemar.ium_Ph.Erich_.Niedermair-1024x768.jpg\" \/>\n\t<meta property=\"og:image:width\" content=\"1024\" \/>\n\t<meta property=\"og:image:height\" content=\"768\" \/>\n\t<meta property=\"og:image:type\" content=\"image\/jpeg\" \/>\n<meta name=\"twitter:card\" content=\"summary_large_image\" \/>\n<meta name=\"twitter:label1\" content=\"Est. reading time\" \/>\n\t<meta name=\"twitter:data1\" content=\"1 minute\" \/>\n<script type=\"application\/ld+json\" class=\"yoast-schema-graph\">{\"@context\":\"https:\/\/schema.org\",\"@graph\":[{\"@type\":\"WebPage\",\"@id\":\"https:\/\/latemarium.com\/de\/anreise\/\",\"url\":\"https:\/\/latemarium.com\/de\/anreise\/\",\"name\":\"Anreise - Latemarium\",\"isPartOf\":{\"@id\":\"https:\/\/latemarium.com\/it\/#website\"},\"primaryImageOfPage\":{\"@id\":\"https:\/\/latemarium.com\/de\/anreise\/#primaryimage\"},\"image\":{\"@id\":\"https:\/\/latemarium.com\/de\/anreise\/#primaryimage\"},\"thumbnailUrl\":\"https:\/\/latemarium.com\/wp-content\/uploads\/2019\/06\/1405_Obereggen_Latemar.ium_Ph.Erich_.Niedermair.jpg\",\"datePublished\":\"2019-06-20T12:15:56+00:00\",\"dateModified\":\"2021-05-31T13:20:36+00:00\",\"breadcrumb\":{\"@id\":\"https:\/\/latemarium.com\/de\/anreise\/#breadcrumb\"},\"inLanguage\":\"de-DE\",\"potentialAction\":[{\"@type\":\"ReadAction\",\"target\":[\"https:\/\/latemarium.com\/de\/anreise\/\"]}]},{\"@type\":\"ImageObject\",\"inLanguage\":\"de-DE\",\"@id\":\"https:\/\/latemarium.com\/de\/anreise\/#primaryimage\",\"url\":\"https:\/\/latemarium.com\/wp-content\/uploads\/2019\/06\/1405_Obereggen_Latemar.ium_Ph.Erich_.Niedermair.jpg\",\"contentUrl\":\"https:\/\/latemarium.com\/wp-content\/uploads\/2019\/06\/1405_Obereggen_Latemar.ium_Ph.Erich_.Niedermair.jpg\",\"width\":4000,\"height\":3000},{\"@type\":\"BreadcrumbList\",\"@id\":\"https:\/\/latemarium.com\/de\/anreise\/#breadcrumb\",\"itemListElement\":[{\"@type\":\"ListItem\",\"position\":1,\"name\":\"Home\",\"item\":\"https:\/\/latemarium.com\/de\/\"},{\"@type\":\"ListItem\",\"position\":2,\"name\":\"Anreise\"}]},{\"@type\":\"WebSite\",\"@id\":\"https:\/\/latemarium.com\/it\/#website\",\"url\":\"https:\/\/latemarium.com\/it\/\",\"name\":\"Latemarium\",\"description\":\"Un regno di emozioni\",\"potentialAction\":[{\"@type\":\"SearchAction\",\"target\":{\"@type\":\"EntryPoint\",\"urlTemplate\":\"https:\/\/latemarium.com\/it\/?s={search_term_string}\"},\"query-input\":{\"@type\":\"PropertyValueSpecification\",\"valueRequired\":true,\"valueName\":\"search_term_string\"}}],\"inLanguage\":\"de-DE\"}]}<\/script>\n<!-- \/ Yoast SEO plugin. -->","yoast_head_json":{"title":"Anreise - Latemarium","robots":{"index":"index","follow":"follow","max-snippet":"max-snippet:-1","max-image-preview":"max-image-preview:large","max-video-preview":"max-video-preview:-1"},"canonical":"https:\/\/latemarium.com\/de\/anreise\/","og_locale":"de_DE","og_type":"article","og_title":"Anreise - Latemarium","og_description":"IN DEN DOLOMITEN WANDERN: ANREISE INS LATEMARIUM Auf dem schnellsten Weg nach Obereggen, Pampeago oder Predazzo zum Dolomiten Wandern Ein Wanderurlaub im herzen der Dolomiten begeistert Gro\u00df und Klein. Wie Sie am schnellsten das Latemarium erreichen, um genussvoll in den Dolomiten wandern zu k\u00f6nnen, haben wir f\u00fcr Sie zusammengefasst. Bei Fragen zur Anreise k\u00f6nnen Sie [&hellip;]","og_url":"https:\/\/latemarium.com\/de\/anreise\/","og_site_name":"Latemarium","article_modified_time":"2021-05-31T13:20:36+00:00","og_image":[{"width":1024,"height":768,"url":"https:\/\/latemarium.com\/wp-content\/uploads\/2019\/06\/1405_Obereggen_Latemar.ium_Ph.Erich_.Niedermair-1024x768.jpg","type":"image\/jpeg"}],"twitter_card":"summary_large_image","twitter_misc":{"Est. reading time":"1 minute"},"schema":{"@context":"https:\/\/schema.org","@graph":[{"@type":"WebPage","@id":"https:\/\/latemarium.com\/de\/anreise\/","url":"https:\/\/latemarium.com\/de\/anreise\/","name":"Anreise - Latemarium","isPartOf":{"@id":"https:\/\/latemarium.com\/it\/#website"},"primaryImageOfPage":{"@id":"https:\/\/latemarium.com\/de\/anreise\/#primaryimage"},"image":{"@id":"https:\/\/latemarium.com\/de\/anreise\/#primaryimage"},"thumbnailUrl":"https:\/\/latemarium.com\/wp-content\/uploads\/2019\/06\/1405_Obereggen_Latemar.ium_Ph.Erich_.Niedermair.jpg","datePublished":"2019-06-20T12:15:56+00:00","dateModified":"2021-05-31T13:20:36+00:00","breadcrumb":{"@id":"https:\/\/latemarium.com\/de\/anreise\/#breadcrumb"},"inLanguage":"de-DE","potentialAction":[{"@type":"ReadAction","target":["https:\/\/latemarium.com\/de\/anreise\/"]}]},{"@type":"ImageObject","inLanguage":"de-DE","@id":"https:\/\/latemarium.com\/de\/anreise\/#primaryimage","url":"https:\/\/latemarium.com\/wp-content\/uploads\/2019\/06\/1405_Obereggen_Latemar.ium_Ph.Erich_.Niedermair.jpg","contentUrl":"https:\/\/latemarium.com\/wp-content\/uploads\/2019\/06\/1405_Obereggen_Latemar.ium_Ph.Erich_.Niedermair.jpg","width":4000,"height":3000},{"@type":"BreadcrumbList","@id":"https:\/\/latemarium.com\/de\/anreise\/#breadcrumb","itemListElement":[{"@type":"ListItem","position":1,"name":"Home","item":"https:\/\/latemarium.com\/de\/"},{"@type":"ListItem","position":2,"name":"Anreise"}]},{"@type":"WebSite","@id":"https:\/\/latemarium.com\/it\/#website","url":"https:\/\/latemarium.com\/it\/","name":"Latemarium","description":"Un regno di emozioni","potentialAction":[{"@type":"SearchAction","target":{"@type":"EntryPoint","urlTemplate":"https:\/\/latemarium.com\/it\/?s={search_term_string}"},"query-input":{"@type":"PropertyValueSpecification","valueRequired":true,"valueName":"search_term_string"}}],"inLanguage":"de-DE"}]}},"_links":{"self":[{"href":"https:\/\/latemarium.com\/de\/wp-json\/wp\/v2\/pages\/191","targetHints":{"allow":["GET"]}}],"collection":[{"href":"https:\/\/latemarium.com\/de\/wp-json\/wp\/v2\/pages"}],"about":[{"href":"https:\/\/latemarium.com\/de\/wp-json\/wp\/v2\/types\/page"}],"author":[{"embeddable":true,"href":"https:\/\/latemarium.com\/de\/wp-json\/wp\/v2\/users\/1"}],"replies":[{"embeddable":true,"href":"https:\/\/latemarium.com\/de\/wp-json\/wp\/v2\/comments?post=191"}],"version-history":[{"count":7,"href":"https:\/\/latemarium.com\/de\/wp-json\/wp\/v2\/pages\/191\/revisions"}],"predecessor-version":[{"id":1656,"href":"https:\/\/latemarium.com\/de\/wp-json\/wp\/v2\/pages\/191\/revisions\/1656"}],"wp:featuredmedia":[{"embeddable":true,"href":"https:\/\/latemarium.com\/de\/wp-json\/wp\/v2\/media\/594"}],"wp:attachment":[{"href":"https:\/\/latemarium.com\/de\/wp-json\/wp\/v2\/media?parent=191"}],"curies":[{"name":"wp","href":"https:\/\/api.w.org\/{rel}","templated":true}]}}