{"id":138,"date":"2019-06-20T12:14:58","date_gmt":"2019-06-20T12:14:58","guid":{"rendered":"https:\/\/latemarium.com\/?page_id=138"},"modified":"2019-06-21T15:48:53","modified_gmt":"2019-06-21T15:48:53","slug":"unterkuenfte","status":"publish","type":"page","link":"https:\/\/latemarium.com\/de\/unterkuenfte\/","title":{"rendered":"Unterk\u00fcnfte"},"content":{"rendered":"<h2>Unterk\u00fcnfte im Fleimstal<\/h2>\n<p><a class=\"btn\" href=\"https:\/\/www.visitfiemme.it\/de\/online-booking\" target=\"_blank\" rel=\"noopener noreferrer\">WEBSITE<\/a><\/p>\n<hr \/>\n<h2>Unterk\u00fcnfte im Eggental<\/h2>\n","protected":false},"excerpt":{"rendered":"<p>Unterk\u00fcnfte im Fleimstal WEBSITE Unterk\u00fcnfte im Eggental<\/p>\n","protected":false},"author":1,"featured_media":575,"parent":0,"menu_order":0,"comment_status":"closed","ping_status":"closed","template":"page-templates\/accomodation.php","meta":{"footnotes":""},"class_list":["post-138","page","type-page","status-publish","has-post-thumbnail","hentry"],"yoast_head":"<!-- This site is optimized with the Yoast SEO plugin v24.3 - https:\/\/yoast.com\/wordpress\/plugins\/seo\/ -->\n<title>Unterk\u00fcnfte - Latemarium<\/title>\n<meta name=\"robots\" content=\"index, follow, max-snippet:-1, max-image-preview:large, max-video-preview:-1\" \/>\n<link rel=\"canonical\" href=\"https:\/\/latemarium.com\/de\/unterkuenfte\/\" \/>\n<meta property=\"og:locale\" content=\"de_DE\" \/>\n<meta property=\"og:type\" content=\"article\" \/>\n<meta property=\"og:title\" content=\"Unterk\u00fcnfte - Latemarium\" \/>\n<meta property=\"og:description\" content=\"Unterk\u00fcnfte im Fleimstal WEBSITE Unterk\u00fcnfte im Eggental\" \/>\n<meta property=\"og:url\" content=\"https:\/\/latemarium.com\/de\/unterkuenfte\/\" \/>\n<meta property=\"og:site_name\" content=\"Latemarium\" \/>\n<meta property=\"article:modified_time\" content=\"2019-06-21T15:48:53+00:00\" \/>\n<meta property=\"og:image\" content=\"https:\/\/latemarium.com\/wp-content\/uploads\/2019\/06\/1205_Obereggen_Latemar_Ph.Guenther.Pichler-1024x683.jpg\" \/>\n\t<meta property=\"og:image:width\" content=\"1024\" \/>\n\t<meta property=\"og:image:height\" content=\"683\" \/>\n\t<meta property=\"og:image:type\" content=\"image\/jpeg\" \/>\n<meta name=\"twitter:card\" content=\"summary_large_image\" \/>\n<script type=\"application\/ld+json\" class=\"yoast-schema-graph\">{\"@context\":\"https:\/\/schema.org\",\"@graph\":[{\"@type\":\"WebPage\",\"@id\":\"https:\/\/latemarium.com\/de\/unterkuenfte\/\",\"url\":\"https:\/\/latemarium.com\/de\/unterkuenfte\/\",\"name\":\"Unterk\u00fcnfte - Latemarium\",\"isPartOf\":{\"@id\":\"https:\/\/latemarium.com\/it\/#website\"},\"primaryImageOfPage\":{\"@id\":\"https:\/\/latemarium.com\/de\/unterkuenfte\/#primaryimage\"},\"image\":{\"@id\":\"https:\/\/latemarium.com\/de\/unterkuenfte\/#primaryimage\"},\"thumbnailUrl\":\"https:\/\/latemarium.com\/wp-content\/uploads\/2019\/06\/1205_Obereggen_Latemar_Ph.Guenther.Pichler.jpg\",\"datePublished\":\"2019-06-20T12:14:58+00:00\",\"dateModified\":\"2019-06-21T15:48:53+00:00\",\"breadcrumb\":{\"@id\":\"https:\/\/latemarium.com\/de\/unterkuenfte\/#breadcrumb\"},\"inLanguage\":\"de-DE\",\"potentialAction\":[{\"@type\":\"ReadAction\",\"target\":[\"https:\/\/latemarium.com\/de\/unterkuenfte\/\"]}]},{\"@type\":\"ImageObject\",\"inLanguage\":\"de-DE\",\"@id\":\"https:\/\/latemarium.com\/de\/unterkuenfte\/#primaryimage\",\"url\":\"https:\/\/latemarium.com\/wp-content\/uploads\/2019\/06\/1205_Obereggen_Latemar_Ph.Guenther.Pichler.jpg\",\"contentUrl\":\"https:\/\/latemarium.com\/wp-content\/uploads\/2019\/06\/1205_Obereggen_Latemar_Ph.Guenther.Pichler.jpg\",\"width\":3929,\"height\":2619},{\"@type\":\"BreadcrumbList\",\"@id\":\"https:\/\/latemarium.com\/de\/unterkuenfte\/#breadcrumb\",\"itemListElement\":[{\"@type\":\"ListItem\",\"position\":1,\"name\":\"Home\",\"item\":\"https:\/\/latemarium.com\/de\/\"},{\"@type\":\"ListItem\",\"position\":2,\"name\":\"Unterk\u00fcnfte\"}]},{\"@type\":\"WebSite\",\"@id\":\"https:\/\/latemarium.com\/it\/#website\",\"url\":\"https:\/\/latemarium.com\/it\/\",\"name\":\"Latemarium\",\"description\":\"Un regno di emozioni\",\"potentialAction\":[{\"@type\":\"SearchAction\",\"target\":{\"@type\":\"EntryPoint\",\"urlTemplate\":\"https:\/\/latemarium.com\/it\/?s={search_term_string}\"},\"query-input\":{\"@type\":\"PropertyValueSpecification\",\"valueRequired\":true,\"valueName\":\"search_term_string\"}}],\"inLanguage\":\"de-DE\"}]}<\/script>\n<!-- \/ Yoast SEO plugin. -->","yoast_head_json":{"title":"Unterk\u00fcnfte - Latemarium","robots":{"index":"index","follow":"follow","max-snippet":"max-snippet:-1","max-image-preview":"max-image-preview:large","max-video-preview":"max-video-preview:-1"},"canonical":"https:\/\/latemarium.com\/de\/unterkuenfte\/","og_locale":"de_DE","og_type":"article","og_title":"Unterk\u00fcnfte - Latemarium","og_description":"Unterk\u00fcnfte im Fleimstal WEBSITE Unterk\u00fcnfte im Eggental","og_url":"https:\/\/latemarium.com\/de\/unterkuenfte\/","og_site_name":"Latemarium","article_modified_time":"2019-06-21T15:48:53+00:00","og_image":[{"width":1024,"height":683,"url":"https:\/\/latemarium.com\/wp-content\/uploads\/2019\/06\/1205_Obereggen_Latemar_Ph.Guenther.Pichler-1024x683.jpg","type":"image\/jpeg"}],"twitter_card":"summary_large_image","schema":{"@context":"https:\/\/schema.org","@graph":[{"@type":"WebPage","@id":"https:\/\/latemarium.com\/de\/unterkuenfte\/","url":"https:\/\/latemarium.com\/de\/unterkuenfte\/","name":"Unterk\u00fcnfte - Latemarium","isPartOf":{"@id":"https:\/\/latemarium.com\/it\/#website"},"primaryImageOfPage":{"@id":"https:\/\/latemarium.com\/de\/unterkuenfte\/#primaryimage"},"image":{"@id":"https:\/\/latemarium.com\/de\/unterkuenfte\/#primaryimage"},"thumbnailUrl":"https:\/\/latemarium.com\/wp-content\/uploads\/2019\/06\/1205_Obereggen_Latemar_Ph.Guenther.Pichler.jpg","datePublished":"2019-06-20T12:14:58+00:00","dateModified":"2019-06-21T15:48:53+00:00","breadcrumb":{"@id":"https:\/\/latemarium.com\/de\/unterkuenfte\/#breadcrumb"},"inLanguage":"de-DE","potentialAction":[{"@type":"ReadAction","target":["https:\/\/latemarium.com\/de\/unterkuenfte\/"]}]},{"@type":"ImageObject","inLanguage":"de-DE","@id":"https:\/\/latemarium.com\/de\/unterkuenfte\/#primaryimage","url":"https:\/\/latemarium.com\/wp-content\/uploads\/2019\/06\/1205_Obereggen_Latemar_Ph.Guenther.Pichler.jpg","contentUrl":"https:\/\/latemarium.com\/wp-content\/uploads\/2019\/06\/1205_Obereggen_Latemar_Ph.Guenther.Pichler.jpg","width":3929,"height":2619},{"@type":"BreadcrumbList","@id":"https:\/\/latemarium.com\/de\/unterkuenfte\/#breadcrumb","itemListElement":[{"@type":"ListItem","position":1,"name":"Home","item":"https:\/\/latemarium.com\/de\/"},{"@type":"ListItem","position":2,"name":"Unterk\u00fcnfte"}]},{"@type":"WebSite","@id":"https:\/\/latemarium.com\/it\/#website","url":"https:\/\/latemarium.com\/it\/","name":"Latemarium","description":"Un regno di emozioni","potentialAction":[{"@type":"SearchAction","target":{"@type":"EntryPoint","urlTemplate":"https:\/\/latemarium.com\/it\/?s={search_term_string}"},"query-input":{"@type":"PropertyValueSpecification","valueRequired":true,"valueName":"search_term_string"}}],"inLanguage":"de-DE"}]}},"_links":{"self":[{"href":"https:\/\/latemarium.com\/de\/wp-json\/wp\/v2\/pages\/138","targetHints":{"allow":["GET"]}}],"collection":[{"href":"https:\/\/latemarium.com\/de\/wp-json\/wp\/v2\/pages"}],"about":[{"href":"https:\/\/latemarium.com\/de\/wp-json\/wp\/v2\/types\/page"}],"author":[{"embeddable":true,"href":"https:\/\/latemarium.com\/de\/wp-json\/wp\/v2\/users\/1"}],"replies":[{"embeddable":true,"href":"https:\/\/latemarium.com\/de\/wp-json\/wp\/v2\/comments?post=138"}],"version-history":[{"count":3,"href":"https:\/\/latemarium.com\/de\/wp-json\/wp\/v2\/pages\/138\/revisions"}],"predecessor-version":[{"id":1151,"href":"https:\/\/latemarium.com\/de\/wp-json\/wp\/v2\/pages\/138\/revisions\/1151"}],"wp:featuredmedia":[{"embeddable":true,"href":"https:\/\/latemarium.com\/de\/wp-json\/wp\/v2\/media\/575"}],"wp:attachment":[{"href":"https:\/\/latemarium.com\/de\/wp-json\/wp\/v2\/media?parent=138"}],"curies":[{"name":"wp","href":"https:\/\/api.w.org\/{rel}","templated":true}]}}